{"id":13322,"date":"2026-02-04T10:04:04","date_gmt":"2026-02-04T09:04:04","guid":{"rendered":"https:\/\/b2b.ilumen.solar\/?page_id=13322"},"modified":"2026-03-09T14:33:16","modified_gmt":"2026-03-09T13:33:16","slug":"powerpack","status":"publish","type":"page","link":"https:\/\/b2b.ilumen.solar\/de\/powerpack\/","title":{"rendered":"POWERPACK"},"content":{"rendered":"<div data-elementor-type=\"wp-page\" data-elementor-id=\"13322\" class=\"elementor elementor-13322\" data-elementor-post-type=\"page\">\n\t\t\t\t\t\t<section class=\"elementor-section elementor-top-section elementor-element elementor-element-637f1eb9 elementor-section-height-min-height elementor-section-boxed elementor-section-height-default elementor-section-items-middle\" data-id=\"637f1eb9\" data-element_type=\"section\" data-e-type=\"section\" data-settings=\"{&quot;background_background&quot;:&quot;classic&quot;}\">\n\t\t\t\t\t\t\t<div class=\"elementor-background-overlay\"><\/div>\n\t\t\t\t\t\t\t<div class=\"elementor-container elementor-column-gap-default\">\n\t\t\t\t\t<div class=\"elementor-column elementor-col-50 elementor-top-column elementor-element elementor-element-eba3dbb\" data-id=\"eba3dbb\" data-element_type=\"column\" data-e-type=\"column\">\n\t\t\t<div class=\"elementor-widget-wrap elementor-element-populated\">\n\t\t\t\t\t\t<div class=\"elementor-element elementor-element-2167032e elementor-widget elementor-widget-heading\" data-id=\"2167032e\" data-element_type=\"widget\" data-e-type=\"widget\" data-widget_type=\"heading.default\">\n\t\t\t\t<div class=\"elementor-widget-container\">\n\t\t\t\t\t<h1 class=\"elementor-heading-title elementor-size-default\">Strategische energieopslag voor bedrijven<\/h1>\t\t\t\t<\/div>\n\t\t\t\t<\/div>\n\t\t\t\t<div class=\"elementor-element elementor-element-2192e0ec elementor-widget elementor-widget-heading\" data-id=\"2192e0ec\" data-element_type=\"widget\" data-e-type=\"widget\" data-widget_type=\"heading.default\">\n\t\t\t\t<div class=\"elementor-widget-container\">\n\t\t\t\t\t<h2 class=\"elementor-heading-title elementor-size-default\">POWERPACK<\/h2>\t\t\t\t<\/div>\n\t\t\t\t<\/div>\n\t\t\t\t<div class=\"elementor-element elementor-element-fca2395 elementor-widget elementor-widget-text-editor\" data-id=\"fca2395\" data-element_type=\"widget\" data-e-type=\"widget\" data-widget_type=\"text-editor.default\">\n\t\t\t\t<div class=\"elementor-widget-container\">\n\t\t\t\t\t\t\t\t\t<p data-start=\"1557\" data-end=\"1613\">Ge\u00efntegreerd batterijsysteem voor maximale flexibiliteit<\/p><p data-start=\"1615\" data-end=\"1863\">POWERPACK slaat overtollige of goedkope energie op en zet die in wanneer het loont.<\/p><div><span lang=\"nl\">Zo vang je verbruikspieken op, zet je eigen hernieuwbare energie optimaal in en verlaag je energiekosten. Helemaal afgestemd op je netcapaciteit en tariefstructuur.<\/span><\/div>\t\t\t\t\t\t\t\t<\/div>\n\t\t\t\t<\/div>\n\t\t\t\t\t<\/div>\n\t\t<\/div>\n\t\t\t\t<div class=\"elementor-column elementor-col-50 elementor-top-column elementor-element elementor-element-7d409474\" data-id=\"7d409474\" data-element_type=\"column\" data-e-type=\"column\">\n\t\t\t<div class=\"elementor-widget-wrap\">\n\t\t\t\t\t\t\t<\/div>\n\t\t<\/div>\n\t\t\t\t\t<\/div>\n\t\t<\/section>\n\t\t\t\t<section class=\"elementor-section elementor-top-section elementor-element elementor-element-7713f060 elementor-section-boxed elementor-section-height-default elementor-section-height-default\" data-id=\"7713f060\" data-element_type=\"section\" data-e-type=\"section\" data-settings=\"{&quot;background_background&quot;:&quot;classic&quot;}\">\n\t\t\t\t\t\t<div class=\"elementor-container elementor-column-gap-default\">\n\t\t\t\t\t<div class=\"elementor-column elementor-col-100 elementor-top-column elementor-element elementor-element-7f0ca196\" data-id=\"7f0ca196\" data-element_type=\"column\" data-e-type=\"column\">\n\t\t\t<div class=\"elementor-widget-wrap elementor-element-populated\">\n\t\t\t\t\t\t<div class=\"elementor-element elementor-element-73f7addb elementor-widget elementor-widget-heading\" data-id=\"73f7addb\" data-element_type=\"widget\" data-e-type=\"widget\" data-widget_type=\"heading.default\">\n\t\t\t\t<div class=\"elementor-widget-container\">\n\t\t\t\t\t<h2 class=\"elementor-heading-title elementor-size-default\">POWERPACK<\/h2>\t\t\t\t<\/div>\n\t\t\t\t<\/div>\n\t\t\t\t<div class=\"elementor-element elementor-element-33e58002 elementor-widget elementor-widget-heading\" data-id=\"33e58002\" data-element_type=\"widget\" data-e-type=\"widget\" data-widget_type=\"heading.default\">\n\t\t\t\t<div class=\"elementor-widget-container\">\n\t\t\t\t\t<h3 class=\"elementor-heading-title elementor-size-default\">De voordelen <br><\/h3>\t\t\t\t<\/div>\n\t\t\t\t<\/div>\n\t\t\t\t<div class=\"elementor-element elementor-element-634dd643 elementor-widget elementor-widget-image\" data-id=\"634dd643\" data-element_type=\"widget\" data-e-type=\"widget\" data-widget_type=\"image.default\">\n\t\t\t\t<div class=\"elementor-widget-container\">\n\t\t\t\t\t\t\t\t\t\t\t\t\t\t\t<img fetchpriority=\"high\" decoding=\"async\" width=\"300\" height=\"200\" src=\"https:\/\/b2b.ilumen.solar\/wp-content\/uploads\/2026\/02\/powerpack-300x200.png\" class=\"attachment-medium size-medium wp-image-13687\" alt=\"Powerpack\" srcset=\"https:\/\/b2b.ilumen.solar\/wp-content\/uploads\/2026\/02\/powerpack-300x200.png 300w, https:\/\/b2b.ilumen.solar\/wp-content\/uploads\/2026\/02\/powerpack-768x512.png 768w, https:\/\/b2b.ilumen.solar\/wp-content\/uploads\/2026\/02\/powerpack-18x12.png 18w, https:\/\/b2b.ilumen.solar\/wp-content\/uploads\/2026\/02\/powerpack.png 1024w\" sizes=\"(max-width: 300px) 100vw, 300px\" \/>\t\t\t\t\t\t\t\t\t\t\t\t\t\t\t<\/div>\n\t\t\t\t<\/div>\n\t\t\t\t\t<\/div>\n\t\t<\/div>\n\t\t\t\t\t<\/div>\n\t\t<\/section>\n\t\t<div class=\"elementor-element elementor-element-19455f3b e-flex e-con-boxed e-con e-parent\" data-id=\"19455f3b\" data-element_type=\"container\" data-e-type=\"container\" data-settings=\"{&quot;background_background&quot;:&quot;classic&quot;}\">\n\t\t\t\t\t<div class=\"e-con-inner\">\n\t\t<div class=\"elementor-element elementor-element-10625ae4 e-con-full e-flex e-con e-child\" data-id=\"10625ae4\" data-element_type=\"container\" data-e-type=\"container\">\n\t\t\t\t<div class=\"elementor-element elementor-element-66376fa3 elementor-widget elementor-widget-image\" data-id=\"66376fa3\" data-element_type=\"widget\" data-e-type=\"widget\" data-widget_type=\"image.default\">\n\t\t\t\t<div class=\"elementor-widget-container\">\n\t\t\t\t\t\t\t\t\t\t\t\t\t\t\t<img decoding=\"async\" data-src=\"https:\/\/b2b.ilumen.solar\/wp-content\/uploads\/2023\/05\/Smart-charge-black.svg\" title=\"Smart Charge Black\" alt=\"Smart Charge Black\" src=\"data:image\/svg+xml;base64,PHN2ZyB3aWR0aD0iMSIgaGVpZ2h0PSIxIiB4bWxucz0iaHR0cDovL3d3dy53My5vcmcvMjAwMC9zdmciPjwvc3ZnPg==\" class=\"lazyload\" \/>\t\t\t\t\t\t\t\t\t\t\t\t\t\t\t<\/div>\n\t\t\t\t<\/div>\n\t\t\t\t<div class=\"elementor-element elementor-element-6b06ef4e elementor-widget elementor-widget-icon-box\" data-id=\"6b06ef4e\" data-element_type=\"widget\" data-e-type=\"widget\" data-widget_type=\"icon-box.default\">\n\t\t\t\t<div class=\"elementor-widget-container\">\n\t\t\t\t\t\t\t<div class=\"elementor-icon-box-wrapper\">\n\n\t\t\t\n\t\t\t\t\t\t<div class=\"elementor-icon-box-content\">\n\n\t\t\t\t\t\t\t\t\t<h3 class=\"elementor-icon-box-title\">\n\t\t\t\t\t\t<span  >\n\t\t\t\t\t\t\tMaximale energie-effici\u00ebntie\t\t\t\t\t\t<\/span>\n\t\t\t\t\t<\/h3>\n\t\t\t\t\n\t\t\t\t\t\t\t\t\t<p class=\"elementor-icon-box-description\">\n\t\t\t\t\t\tJe slaat overtollige of goedkope energie op en zet die in tijdens piekverbruik of dure momenten. Zo verhoog je je zelfverbruik en verlaag je energie- en capaciteitstarieven.\t\t\t\t\t<\/p>\n\t\t\t\t\n\t\t\t<\/div>\n\t\t\t\n\t\t<\/div>\n\t\t\t\t\t\t<\/div>\n\t\t\t\t<\/div>\n\t\t\t\t<\/div>\n\t\t<div class=\"elementor-element elementor-element-235ad5e0 e-con-full e-flex e-con e-child\" data-id=\"235ad5e0\" data-element_type=\"container\" data-e-type=\"container\">\n\t\t\t\t<div class=\"elementor-element elementor-element-3a137fb4 elementor-widget elementor-widget-image\" data-id=\"3a137fb4\" data-element_type=\"widget\" data-e-type=\"widget\" data-widget_type=\"image.default\">\n\t\t\t\t<div class=\"elementor-widget-container\">\n\t\t\t\t\t\t\t\t\t\t\t\t\t\t\t<img decoding=\"async\" data-src=\"https:\/\/b2b.ilumen.solar\/wp-content\/uploads\/2023\/05\/Smaller-carbon-footprint-black.svg\" title=\"Smaller Carbon Footprint Black\" alt=\"Smaller Carbon Footprint Black\" src=\"data:image\/svg+xml;base64,PHN2ZyB3aWR0aD0iMSIgaGVpZ2h0PSIxIiB4bWxucz0iaHR0cDovL3d3dy53My5vcmcvMjAwMC9zdmciPjwvc3ZnPg==\" class=\"lazyload\" \/>\t\t\t\t\t\t\t\t\t\t\t\t\t\t\t<\/div>\n\t\t\t\t<\/div>\n\t\t\t\t<div class=\"elementor-element elementor-element-cb97e1 elementor-widget elementor-widget-icon-box\" data-id=\"cb97e1\" data-element_type=\"widget\" data-e-type=\"widget\" data-widget_type=\"icon-box.default\">\n\t\t\t\t<div class=\"elementor-widget-container\">\n\t\t\t\t\t\t\t<div class=\"elementor-icon-box-wrapper\">\n\n\t\t\t\n\t\t\t\t\t\t<div class=\"elementor-icon-box-content\">\n\n\t\t\t\t\t\t\t\t\t<h3 class=\"elementor-icon-box-title\">\n\t\t\t\t\t\t<span  >\n\t\t\t\t\t\t\tUitbreiden zonder netverzwaring\t\t\t\t\t\t<\/span>\n\t\t\t\t\t<\/h3>\n\t\t\t\t\n\t\t\t\t\t\t\t\t\t<p class=\"elementor-icon-box-description\">\n\t\t\t\t\t\tWanneer het verbruik op je site stijgt, door bijvoorbeeld extra laadpunten, dan lijkt een zwaardere netaansluiting vaak onvermijdelijk. POWERPACK vangt piekbelasting op via slimme vermogensregeling.\nZo kan je laadinfra of verbruik uitbreiden zonder ingrijpende aanpassing van je netaansluiting.\t\t\t\t\t<\/p>\n\t\t\t\t\n\t\t\t<\/div>\n\t\t\t\n\t\t<\/div>\n\t\t\t\t\t\t<\/div>\n\t\t\t\t<\/div>\n\t\t\t\t<\/div>\n\t\t<div class=\"elementor-element elementor-element-f38646 e-con-full e-flex e-con e-child\" data-id=\"f38646\" data-element_type=\"container\" data-e-type=\"container\">\n\t\t\t\t<div class=\"elementor-element elementor-element-25d64b2c elementor-widget elementor-widget-image\" data-id=\"25d64b2c\" data-element_type=\"widget\" data-e-type=\"widget\" data-widget_type=\"image.default\">\n\t\t\t\t<div class=\"elementor-widget-container\">\n\t\t\t\t\t\t\t\t\t\t\t\t\t\t\t<img decoding=\"async\" width=\"48\" height=\"48\" data-src=\"https:\/\/b2b.ilumen.solar\/wp-content\/uploads\/2023\/05\/deep-insights-black.svg\" class=\"attachment-large size-large wp-image-2923 lazyload\" alt=\"Deep Insights Black\" src=\"data:image\/svg+xml;base64,PHN2ZyB3aWR0aD0iMSIgaGVpZ2h0PSIxIiB4bWxucz0iaHR0cDovL3d3dy53My5vcmcvMjAwMC9zdmciPjwvc3ZnPg==\" style=\"--smush-placeholder-width: 48px; --smush-placeholder-aspect-ratio: 48\/48;\" \/>\t\t\t\t\t\t\t\t\t\t\t\t\t\t\t<\/div>\n\t\t\t\t<\/div>\n\t\t\t\t<div class=\"elementor-element elementor-element-3312df01 elementor-widget elementor-widget-icon-box\" data-id=\"3312df01\" data-element_type=\"widget\" data-e-type=\"widget\" data-widget_type=\"icon-box.default\">\n\t\t\t\t<div class=\"elementor-widget-container\">\n\t\t\t\t\t\t\t<div class=\"elementor-icon-box-wrapper\">\n\n\t\t\t\n\t\t\t\t\t\t<div class=\"elementor-icon-box-content\">\n\n\t\t\t\t\t\t\t\t\t<h3 class=\"elementor-icon-box-title\">\n\t\t\t\t\t\t<span  >\n\t\t\t\t\t\t\tOntworpen voor elke omgeving\t\t\t\t\t\t<\/span>\n\t\t\t\t\t<\/h3>\n\t\t\t\t\n\t\t\t\t\t\t\t\t\t<p class=\"elementor-icon-box-description\">\n\t\t\t\t\t\tPOWERPACK is inzetbaar binnen en buiten, met ge\u00efntegreerde klimaatregeling.\nZo blijven prestaties stabiel, ook in veeleisende industri\u00eble omstandigheden.\t\t\t\t\t<\/p>\n\t\t\t\t\n\t\t\t<\/div>\n\t\t\t\n\t\t<\/div>\n\t\t\t\t\t\t<\/div>\n\t\t\t\t<\/div>\n\t\t\t\t<\/div>\n\t\t<div class=\"elementor-element elementor-element-020ebb5 e-con-full e-flex e-con e-child\" data-id=\"020ebb5\" data-element_type=\"container\" data-e-type=\"container\">\n\t\t\t\t<div class=\"elementor-element elementor-element-2b2f7f9 elementor-widget elementor-widget-image\" data-id=\"2b2f7f9\" data-element_type=\"widget\" data-e-type=\"widget\" data-widget_type=\"image.default\">\n\t\t\t\t<div class=\"elementor-widget-container\">\n\t\t\t\t\t\t\t\t\t\t\t\t\t\t\t<img decoding=\"async\" width=\"48\" height=\"48\" data-src=\"https:\/\/b2b.ilumen.solar\/wp-content\/uploads\/2023\/05\/deep-insights-black.svg\" class=\"attachment-large size-large wp-image-2923 lazyload\" alt=\"Deep Insights Black\" src=\"data:image\/svg+xml;base64,PHN2ZyB3aWR0aD0iMSIgaGVpZ2h0PSIxIiB4bWxucz0iaHR0cDovL3d3dy53My5vcmcvMjAwMC9zdmciPjwvc3ZnPg==\" style=\"--smush-placeholder-width: 48px; --smush-placeholder-aspect-ratio: 48\/48;\" \/>\t\t\t\t\t\t\t\t\t\t\t\t\t\t\t<\/div>\n\t\t\t\t<\/div>\n\t\t\t\t<div class=\"elementor-element elementor-element-4bb3083 elementor-widget elementor-widget-icon-box\" data-id=\"4bb3083\" data-element_type=\"widget\" data-e-type=\"widget\" data-widget_type=\"icon-box.default\">\n\t\t\t\t<div class=\"elementor-widget-container\">\n\t\t\t\t\t\t\t<div class=\"elementor-icon-box-wrapper\">\n\n\t\t\t\n\t\t\t\t\t\t<div class=\"elementor-icon-box-content\">\n\n\t\t\t\t\t\t\t\t\t<h3 class=\"elementor-icon-box-title\">\n\t\t\t\t\t\t<span  >\n\t\t\t\t\t\t\tSchaalbaar en toekomstgericht\t\t\t\t\t\t<\/span>\n\t\t\t\t\t<\/h3>\n\t\t\t\t\n\t\t\t\t\t\t\t\t\t<p class=\"elementor-icon-box-description\">\n\t\t\t\t\t\tHet systeem is modulair opgebouwd en groeit mee met je energiebehoefte. Integreert naadloos binnen je bestaande energiearchitectuur.\t\t\t\t\t<\/p>\n\t\t\t\t\n\t\t\t<\/div>\n\t\t\t\n\t\t<\/div>\n\t\t\t\t\t\t<\/div>\n\t\t\t\t<\/div>\n\t\t\t\t<\/div>\n\t\t\t\t\t<\/div>\n\t\t\t\t<\/div>\n\t\t\t\t<section class=\"elementor-section elementor-top-section elementor-element elementor-element-26243bff elementor-section-boxed elementor-section-height-default elementor-section-height-default\" data-id=\"26243bff\" data-element_type=\"section\" data-e-type=\"section\" data-settings=\"{&quot;background_background&quot;:&quot;classic&quot;}\">\n\t\t\t\t\t\t<div class=\"elementor-container elementor-column-gap-default\">\n\t\t\t\t\t<div class=\"elementor-column elementor-col-100 elementor-top-column elementor-element elementor-element-4cdef81d ilumen-blok-links\" data-id=\"4cdef81d\" data-element_type=\"column\" data-e-type=\"column\">\n\t\t\t<div class=\"elementor-widget-wrap elementor-element-populated\">\n\t\t\t\t\t\t<div class=\"elementor-element elementor-element-1bb0c824 elementor-widget elementor-widget-heading\" data-id=\"1bb0c824\" data-element_type=\"widget\" data-e-type=\"widget\" data-widget_type=\"heading.default\">\n\t\t\t\t<div class=\"elementor-widget-container\">\n\t\t\t\t\t<h2 class=\"elementor-heading-title elementor-size-default\">Functionaliteiten van POWERPACK<\/h2>\t\t\t\t<\/div>\n\t\t\t\t<\/div>\n\t\t\t\t\t<\/div>\n\t\t<\/div>\n\t\t\t\t\t<\/div>\n\t\t<\/section>\n\t\t<div class=\"elementor-element elementor-element-5babe50 e-flex e-con-boxed e-con e-parent\" data-id=\"5babe50\" data-element_type=\"container\" data-e-type=\"container\">\n\t\t\t\t\t<div class=\"e-con-inner\">\n\t\t<div class=\"elementor-element elementor-element-051a161 e-con-full e-flex e-con e-child\" data-id=\"051a161\" data-element_type=\"container\" data-e-type=\"container\">\n\t\t\t\t<div class=\"elementor-element elementor-element-5c54d1f elementor-widget__width-initial elementor-widget elementor-widget-heading\" data-id=\"5c54d1f\" data-element_type=\"widget\" data-e-type=\"widget\" data-widget_type=\"heading.default\">\n\t\t\t\t<div class=\"elementor-widget-container\">\n\t\t\t\t\t<h3 class=\"elementor-heading-title elementor-size-default\">Autoconsumptie.\nGebruik wat je zelf opwekt.<\/h3>\t\t\t\t<\/div>\n\t\t\t\t<\/div>\n\t\t\t\t<div class=\"elementor-element elementor-element-9d68329 elementor-widget elementor-widget-text-editor\" data-id=\"9d68329\" data-element_type=\"widget\" data-e-type=\"widget\" data-widget_type=\"text-editor.default\">\n\t\t\t\t<div class=\"elementor-widget-container\">\n\t\t\t\t\t\t\t\t\t<p>Je gebruikt je eigen zonne-energie wanneer ze beschikbaar is en slaat overschotten tijdelijk op.<\/p><p>Zo vermijd je dure netafname en beperk je distributie- en capaciteitstarieven.<\/p><p>Meer eigen verbruik betekent meer rendement uit je PV-investering.<\/p>\t\t\t\t\t\t\t\t<\/div>\n\t\t\t\t<\/div>\n\t\t\t\t<\/div>\n\t\t<div class=\"elementor-element elementor-element-1d9d2a4 e-con-full e-flex e-con e-child\" data-id=\"1d9d2a4\" data-element_type=\"container\" data-e-type=\"container\">\n\t\t\t\t<div class=\"elementor-element elementor-element-afed574 elementor-widget__width-initial elementor-widget elementor-widget-heading\" data-id=\"afed574\" data-element_type=\"widget\" data-e-type=\"widget\" data-widget_type=\"heading.default\">\n\t\t\t\t<div class=\"elementor-widget-container\">\n\t\t\t\t\t<h3 class=\"elementor-heading-title elementor-size-default\">Peakshaving. Beheer je piekbelasting.<\/h3>\t\t\t\t<\/div>\n\t\t\t\t<\/div>\n\t\t\t\t<div class=\"elementor-element elementor-element-c671215 elementor-widget elementor-widget-text-editor\" data-id=\"c671215\" data-element_type=\"widget\" data-e-type=\"widget\" data-widget_type=\"text-editor.default\">\n\t\t\t\t<div class=\"elementor-widget-container\">\n\t\t\t\t\t\t\t\t\t<p>POWERPACK vangt verbruikspieken op via batterijbuffering en vermogensregeling. Geen onnodige netverzwaring en beperk je \u00a0capaciteitstarieven.<\/p><p>Door peak shaving geniet je niet alleen financi\u00eble voordelen, maar je draagt ook bij aan een effici\u00ebnter en toekomstgericht energiebeheer.<\/p>\t\t\t\t\t\t\t\t<\/div>\n\t\t\t\t<\/div>\n\t\t\t\t<\/div>\n\t\t<div class=\"elementor-element elementor-element-c0fbaee e-con-full e-flex e-con e-child\" data-id=\"c0fbaee\" data-element_type=\"container\" data-e-type=\"container\">\n\t\t\t\t<div class=\"elementor-element elementor-element-8218978 elementor-widget__width-initial elementor-widget elementor-widget-heading\" data-id=\"8218978\" data-element_type=\"widget\" data-e-type=\"widget\" data-widget_type=\"heading.default\">\n\t\t\t\t<div class=\"elementor-widget-container\">\n\t\t\t\t\t<h3 class=\"elementor-heading-title elementor-size-default\">Dynamic charging. Laad slim op basis van dynamische tarieven.<\/h3>\t\t\t\t<\/div>\n\t\t\t\t<\/div>\n\t\t\t\t<div class=\"elementor-element elementor-element-09a38b7 elementor-widget elementor-widget-text-editor\" data-id=\"09a38b7\" data-element_type=\"widget\" data-e-type=\"widget\" data-widget_type=\"text-editor.default\">\n\t\t\t\t<div class=\"elementor-widget-container\">\n\t\t\t\t\t\t\t\t\t<p style=\"font-weight: 400;\">Het systeem monitort realtime energietarieven, waaronder EPEXSPOT-prijzen, laadt wanneer energie goedkoop is, en ontlaadt wanneer energie duur is. Afhankelijk van je energiecontract kan er ook ingespeeld worden op de onbalansmarkt.<\/p><p style=\"font-weight: 400;\">Op basis van verbruiksprofielen, weersvoorspellingen en productiegegevens van zonnepanelen wordt een inschatting gemaakt van de beschikbare zonne-energie en het toekomstige verbruik. Zo bereidt het systeem zich voor om volledig automatisch optimaal in te spelen op de energietarieven.<\/p><p>\u00a0<\/p>\t\t\t\t\t\t\t\t<\/div>\n\t\t\t\t<\/div>\n\t\t\t\t<\/div>\n\t\t<div class=\"elementor-element elementor-element-71b0099 e-con-full e-flex e-con e-child\" data-id=\"71b0099\" data-element_type=\"container\" data-e-type=\"container\">\n\t\t\t\t<div class=\"elementor-element elementor-element-6434d88 elementor-widget__width-initial elementor-widget elementor-widget-heading\" data-id=\"6434d88\" data-element_type=\"widget\" data-e-type=\"widget\" data-widget_type=\"heading.default\">\n\t\t\t\t<div class=\"elementor-widget-container\">\n\t\t\t\t\t<h3 class=\"elementor-heading-title elementor-size-default\">ILUSMART integratie. E\u00e9n intelligent ecosysteem.<\/h3>\t\t\t\t<\/div>\n\t\t\t\t<\/div>\n\t\t\t\t<div class=\"elementor-element elementor-element-2ca6dd6 elementor-widget elementor-widget-text-editor\" data-id=\"2ca6dd6\" data-element_type=\"widget\" data-e-type=\"widget\" data-widget_type=\"text-editor.default\">\n\t\t\t\t<div class=\"elementor-widget-container\">\n\t\t\t\t\t\t\t\t\t<p>POWERPACK werkt binnen het iLumen-ecosysteem via de iLuSmart app en communiceert met:<\/p><p>\n<ul>\n \t<li>zonnepanelen en omvormers<\/li>\n \t<li>laadpalen<\/li>\n \t<li>DC-snelladers<\/li>\n \t<li>andere energie-assets<\/li>\n<\/ul><\/p><p>\nVia het <a href=\"https:\/\/b2b.ilumen.solar\/de\/ilusmart\/\">iLusmart<\/a>\u00a0dashboard krijg je inzicht in:<\/p><p>\n<ul>\n \t<li>systeemstatus<\/li>\n \t<li>historische prestaties<\/li>\n \t<li>batterijconditie<\/li>\n \t<li>verbruiks- en laadstrategie\u00ebn<\/li>\n<\/ul><\/p><p>\nAlles ge\u00efntegreerd in \u00e9\u00e9n energiearchitectuur.<\/p>\t\t\t\t\t\t\t\t<\/div>\n\t\t\t\t<\/div>\n\t\t\t\t<\/div>\n\t\t\t\t\t<\/div>\n\t\t\t\t<\/div>\n\t\t\t\t<\/div>","protected":false},"excerpt":{"rendered":"<p>Strategische energieopslag voor bedrijven POWERPACK Ge\u00efntegreerd batterijsysteem voor maximale flexibiliteit POWERPACK slaat overtollige of goedkope energie op en zet die in wanneer het loont. Zo vang je verbruikspieken op, zet je eigen hernieuwbare energie optimaal in en verlaag je energiekosten. Helemaal afgestemd op je netcapaciteit en tariefstructuur. POWERPACK De voordelen Maximale energie-effici\u00ebntie Je slaat overtollige [&hellip;]<\/p>\n","protected":false},"author":22,"featured_media":0,"parent":0,"menu_order":0,"comment_status":"closed","ping_status":"closed","template":"","meta":{"_seopress_robots_primary_cat":"","_seopress_titles_title":"POWERPACK | Slim batterijsysteem voor bedrijven | iLumen","_seopress_titles_desc":"POWERPACK slaat energie op wanneer het loont en zet die in bij piekverbruik. Verlaag capaciteitstarieven en beheer je energiekosten slim \u2014 zonder netverzwaring.","_seopress_robots_index":"","footnotes":""},"class_list":["post-13322","page","type-page","status-publish","hentry"],"_links":{"self":[{"href":"https:\/\/b2b.ilumen.solar\/de\/wp-json\/wp\/v2\/pages\/13322","targetHints":{"allow":["GET"]}}],"collection":[{"href":"https:\/\/b2b.ilumen.solar\/de\/wp-json\/wp\/v2\/pages"}],"about":[{"href":"https:\/\/b2b.ilumen.solar\/de\/wp-json\/wp\/v2\/types\/page"}],"author":[{"embeddable":true,"href":"https:\/\/b2b.ilumen.solar\/de\/wp-json\/wp\/v2\/users\/22"}],"replies":[{"embeddable":true,"href":"https:\/\/b2b.ilumen.solar\/de\/wp-json\/wp\/v2\/comments?post=13322"}],"version-history":[{"count":84,"href":"https:\/\/b2b.ilumen.solar\/de\/wp-json\/wp\/v2\/pages\/13322\/revisions"}],"predecessor-version":[{"id":15118,"href":"https:\/\/b2b.ilumen.solar\/de\/wp-json\/wp\/v2\/pages\/13322\/revisions\/15118"}],"wp:attachment":[{"href":"https:\/\/b2b.ilumen.solar\/de\/wp-json\/wp\/v2\/media?parent=13322"}],"curies":[{"name":"wp","href":"https:\/\/api.w.org\/{rel}","templated":true}]}}