{"id":13322,"date":"2026-02-04T10:04:04","date_gmt":"2026-02-04T09:04:04","guid":{"rendered":"https:\/\/b2b.ilumen.solar\/?page_id=13322"},"modified":"2026-03-09T14:33:16","modified_gmt":"2026-03-09T13:33:16","slug":"powerpack","status":"publish","type":"page","link":"https:\/\/b2b.ilumen.solar\/fr\/powerpack\/","title":{"rendered":"POWERPACK"},"content":{"rendered":"<div data-elementor-type=\"wp-page\" data-elementor-id=\"13322\" class=\"elementor elementor-13322\" data-elementor-post-type=\"page\">\n\t\t\t\t\t\t<section class=\"elementor-section elementor-top-section elementor-element elementor-element-637f1eb9 elementor-section-height-min-height elementor-section-boxed elementor-section-height-default elementor-section-items-middle\" data-id=\"637f1eb9\" data-element_type=\"section\" data-e-type=\"section\" data-settings=\"{&quot;background_background&quot;:&quot;classic&quot;}\">\n\t\t\t\t\t\t\t<div class=\"elementor-background-overlay\"><\/div>\n\t\t\t\t\t\t\t<div class=\"elementor-container elementor-column-gap-default\">\n\t\t\t\t\t<div class=\"elementor-column elementor-col-50 elementor-top-column elementor-element elementor-element-eba3dbb\" data-id=\"eba3dbb\" data-element_type=\"column\" data-e-type=\"column\">\n\t\t\t<div class=\"elementor-widget-wrap elementor-element-populated\">\n\t\t\t\t\t\t<div class=\"elementor-element elementor-element-2167032e elementor-widget elementor-widget-heading\" data-id=\"2167032e\" data-element_type=\"widget\" data-e-type=\"widget\" data-widget_type=\"heading.default\">\n\t\t\t\t<div class=\"elementor-widget-container\">\n\t\t\t\t\t<h1 class=\"elementor-heading-title elementor-size-default\">Stockage \u00e9nerg\u00e9tique strat\u00e9gique pour entreprises<\/h1>\t\t\t\t<\/div>\n\t\t\t\t<\/div>\n\t\t\t\t<div class=\"elementor-element elementor-element-2192e0ec elementor-widget elementor-widget-heading\" data-id=\"2192e0ec\" data-element_type=\"widget\" data-e-type=\"widget\" data-widget_type=\"heading.default\">\n\t\t\t\t<div class=\"elementor-widget-container\">\n\t\t\t\t\t<h2 class=\"elementor-heading-title elementor-size-default\">POWERPACK<\/h2>\t\t\t\t<\/div>\n\t\t\t\t<\/div>\n\t\t\t\t<div class=\"elementor-element elementor-element-fca2395 elementor-widget elementor-widget-text-editor\" data-id=\"fca2395\" data-element_type=\"widget\" data-e-type=\"widget\" data-widget_type=\"text-editor.default\">\n\t\t\t\t<div class=\"elementor-widget-container\">\n\t\t\t\t\t\t\t\t\t<p data-start=\"1557\" data-end=\"1613\">Syst\u00e8me de batteries int\u00e9gr\u00e9 pour une flexibilit\u00e9 maximale<\/p><p data-start=\"1615\" data-end=\"1863\">POWERPACK slaat overtollige of goedkope energie op en zet die in wanneer het loont.<\/p><div><span lang=\"nl\">Vous absorbez les pics de consommation, valorisez au mieux votre \u00e9nergie renouvelable et r\u00e9duisez vos co\u00fbts \u00e9nerg\u00e9tiques. Parfaitement calibr\u00e9 selon votre capacit\u00e9 r\u00e9seau et votre structure tarifaire.<\/span><\/div>\t\t\t\t\t\t\t\t<\/div>\n\t\t\t\t<\/div>\n\t\t\t\t\t<\/div>\n\t\t<\/div>\n\t\t\t\t<div class=\"elementor-column elementor-col-50 elementor-top-column elementor-element elementor-element-7d409474\" data-id=\"7d409474\" data-element_type=\"column\" data-e-type=\"column\">\n\t\t\t<div class=\"elementor-widget-wrap\">\n\t\t\t\t\t\t\t<\/div>\n\t\t<\/div>\n\t\t\t\t\t<\/div>\n\t\t<\/section>\n\t\t\t\t<section class=\"elementor-section elementor-top-section elementor-element elementor-element-7713f060 elementor-section-boxed elementor-section-height-default elementor-section-height-default\" data-id=\"7713f060\" data-element_type=\"section\" data-e-type=\"section\" data-settings=\"{&quot;background_background&quot;:&quot;classic&quot;}\">\n\t\t\t\t\t\t<div class=\"elementor-container elementor-column-gap-default\">\n\t\t\t\t\t<div class=\"elementor-column elementor-col-100 elementor-top-column elementor-element elementor-element-7f0ca196\" data-id=\"7f0ca196\" data-element_type=\"column\" data-e-type=\"column\">\n\t\t\t<div class=\"elementor-widget-wrap elementor-element-populated\">\n\t\t\t\t\t\t<div class=\"elementor-element elementor-element-73f7addb elementor-widget elementor-widget-heading\" data-id=\"73f7addb\" data-element_type=\"widget\" data-e-type=\"widget\" data-widget_type=\"heading.default\">\n\t\t\t\t<div class=\"elementor-widget-container\">\n\t\t\t\t\t<h2 class=\"elementor-heading-title elementor-size-default\">POWERPACK<\/h2>\t\t\t\t<\/div>\n\t\t\t\t<\/div>\n\t\t\t\t<div class=\"elementor-element elementor-element-33e58002 elementor-widget elementor-widget-heading\" data-id=\"33e58002\" data-element_type=\"widget\" data-e-type=\"widget\" data-widget_type=\"heading.default\">\n\t\t\t\t<div class=\"elementor-widget-container\">\n\t\t\t\t\t<h3 class=\"elementor-heading-title elementor-size-default\">Les avantages <br><\/h3>\t\t\t\t<\/div>\n\t\t\t\t<\/div>\n\t\t\t\t<div class=\"elementor-element elementor-element-634dd643 elementor-widget elementor-widget-image\" data-id=\"634dd643\" data-element_type=\"widget\" data-e-type=\"widget\" data-widget_type=\"image.default\">\n\t\t\t\t<div class=\"elementor-widget-container\">\n\t\t\t\t\t\t\t\t\t\t\t\t\t\t\t<img fetchpriority=\"high\" decoding=\"async\" width=\"300\" height=\"200\" src=\"https:\/\/b2b.ilumen.solar\/wp-content\/uploads\/2026\/02\/powerpack-300x200.png\" class=\"attachment-medium size-medium wp-image-13687\" alt=\"Powerpack\" srcset=\"https:\/\/b2b.ilumen.solar\/wp-content\/uploads\/2026\/02\/powerpack-300x200.png 300w, https:\/\/b2b.ilumen.solar\/wp-content\/uploads\/2026\/02\/powerpack-768x512.png 768w, https:\/\/b2b.ilumen.solar\/wp-content\/uploads\/2026\/02\/powerpack-18x12.png 18w, https:\/\/b2b.ilumen.solar\/wp-content\/uploads\/2026\/02\/powerpack.png 1024w\" sizes=\"(max-width: 300px) 100vw, 300px\" \/>\t\t\t\t\t\t\t\t\t\t\t\t\t\t\t<\/div>\n\t\t\t\t<\/div>\n\t\t\t\t\t<\/div>\n\t\t<\/div>\n\t\t\t\t\t<\/div>\n\t\t<\/section>\n\t\t<div class=\"elementor-element elementor-element-19455f3b e-flex e-con-boxed e-con e-parent\" data-id=\"19455f3b\" data-element_type=\"container\" data-e-type=\"container\" data-settings=\"{&quot;background_background&quot;:&quot;classic&quot;}\">\n\t\t\t\t\t<div class=\"e-con-inner\">\n\t\t<div class=\"elementor-element elementor-element-10625ae4 e-con-full e-flex e-con e-child\" data-id=\"10625ae4\" data-element_type=\"container\" data-e-type=\"container\">\n\t\t\t\t<div class=\"elementor-element elementor-element-66376fa3 elementor-widget elementor-widget-image\" data-id=\"66376fa3\" data-element_type=\"widget\" data-e-type=\"widget\" data-widget_type=\"image.default\">\n\t\t\t\t<div class=\"elementor-widget-container\">\n\t\t\t\t\t\t\t\t\t\t\t\t\t\t\t<img decoding=\"async\" data-src=\"https:\/\/b2b.ilumen.solar\/wp-content\/uploads\/2023\/05\/Smart-charge-black.svg\" title=\"Smart Charge Black\" alt=\"Smart Charge Black\" src=\"data:image\/svg+xml;base64,PHN2ZyB3aWR0aD0iMSIgaGVpZ2h0PSIxIiB4bWxucz0iaHR0cDovL3d3dy53My5vcmcvMjAwMC9zdmciPjwvc3ZnPg==\" class=\"lazyload\" \/>\t\t\t\t\t\t\t\t\t\t\t\t\t\t\t<\/div>\n\t\t\t\t<\/div>\n\t\t\t\t<div class=\"elementor-element elementor-element-6b06ef4e elementor-widget elementor-widget-icon-box\" data-id=\"6b06ef4e\" data-element_type=\"widget\" data-e-type=\"widget\" data-widget_type=\"icon-box.default\">\n\t\t\t\t<div class=\"elementor-widget-container\">\n\t\t\t\t\t\t\t<div class=\"elementor-icon-box-wrapper\">\n\n\t\t\t\n\t\t\t\t\t\t<div class=\"elementor-icon-box-content\">\n\n\t\t\t\t\t\t\t\t\t<h3 class=\"elementor-icon-box-title\">\n\t\t\t\t\t\t<span  >\n\t\t\t\t\t\t\tEfficacit\u00e9 \u00e9nerg\u00e9tique maximale\t\t\t\t\t\t<\/span>\n\t\t\t\t\t<\/h3>\n\t\t\t\t\n\t\t\t\t\t\t\t\t\t<p class=\"elementor-icon-box-description\">\n\t\t\t\t\t\tVous stockez l\u2019\u00e9nergie exc\u00e9dentaire ou bon march\u00e9 et la d\u00e9ployez lors des pics de consommation ou des p\u00e9riodes tarifaires \u00e9lev\u00e9es. Vous augmentez ainsi votre autoconsommation et r\u00e9duisez vos tarifs de capacit\u00e9 et d\u2019\u00e9nergie.\t\t\t\t\t<\/p>\n\t\t\t\t\n\t\t\t<\/div>\n\t\t\t\n\t\t<\/div>\n\t\t\t\t\t\t<\/div>\n\t\t\t\t<\/div>\n\t\t\t\t<\/div>\n\t\t<div class=\"elementor-element elementor-element-235ad5e0 e-con-full e-flex e-con e-child\" data-id=\"235ad5e0\" data-element_type=\"container\" data-e-type=\"container\">\n\t\t\t\t<div class=\"elementor-element elementor-element-3a137fb4 elementor-widget elementor-widget-image\" data-id=\"3a137fb4\" data-element_type=\"widget\" data-e-type=\"widget\" data-widget_type=\"image.default\">\n\t\t\t\t<div class=\"elementor-widget-container\">\n\t\t\t\t\t\t\t\t\t\t\t\t\t\t\t<img decoding=\"async\" data-src=\"https:\/\/b2b.ilumen.solar\/wp-content\/uploads\/2023\/05\/Smaller-carbon-footprint-black.svg\" title=\"Smaller Carbon Footprint Black\" alt=\"Smaller Carbon Footprint Black\" src=\"data:image\/svg+xml;base64,PHN2ZyB3aWR0aD0iMSIgaGVpZ2h0PSIxIiB4bWxucz0iaHR0cDovL3d3dy53My5vcmcvMjAwMC9zdmciPjwvc3ZnPg==\" class=\"lazyload\" \/>\t\t\t\t\t\t\t\t\t\t\t\t\t\t\t<\/div>\n\t\t\t\t<\/div>\n\t\t\t\t<div class=\"elementor-element elementor-element-cb97e1 elementor-widget elementor-widget-icon-box\" data-id=\"cb97e1\" data-element_type=\"widget\" data-e-type=\"widget\" data-widget_type=\"icon-box.default\">\n\t\t\t\t<div class=\"elementor-widget-container\">\n\t\t\t\t\t\t\t<div class=\"elementor-icon-box-wrapper\">\n\n\t\t\t\n\t\t\t\t\t\t<div class=\"elementor-icon-box-content\">\n\n\t\t\t\t\t\t\t\t\t<h3 class=\"elementor-icon-box-title\">\n\t\t\t\t\t\t<span  >\n\t\t\t\t\t\t\t\u00c9tendre votre site sans renforcement du r\u00e9seau\t\t\t\t\t\t<\/span>\n\t\t\t\t\t<\/h3>\n\t\t\t\t\n\t\t\t\t\t\t\t\t\t<p class=\"elementor-icon-box-description\">\n\t\t\t\t\t\tLorsque la consommation sur votre site augmente \u2014 par exemple avec des bornes de recharge suppl\u00e9mentaires \u2014 un raccordement r\u00e9seau plus puissant semble souvent in\u00e9vitable. POWERPACK absorbe les pics de charge via une r\u00e9gulation intelligente de la puissance. Vous pouvez ainsi \u00e9tendre votre infrastructure de recharge ou votre consommation sans modification lourde de votre raccordement r\u00e9seau.\t\t\t\t\t<\/p>\n\t\t\t\t\n\t\t\t<\/div>\n\t\t\t\n\t\t<\/div>\n\t\t\t\t\t\t<\/div>\n\t\t\t\t<\/div>\n\t\t\t\t<\/div>\n\t\t<div class=\"elementor-element elementor-element-f38646 e-con-full e-flex e-con e-child\" data-id=\"f38646\" data-element_type=\"container\" data-e-type=\"container\">\n\t\t\t\t<div class=\"elementor-element elementor-element-25d64b2c elementor-widget elementor-widget-image\" data-id=\"25d64b2c\" data-element_type=\"widget\" data-e-type=\"widget\" data-widget_type=\"image.default\">\n\t\t\t\t<div class=\"elementor-widget-container\">\n\t\t\t\t\t\t\t\t\t\t\t\t\t\t\t<img decoding=\"async\" width=\"48\" height=\"48\" data-src=\"https:\/\/b2b.ilumen.solar\/wp-content\/uploads\/2023\/05\/deep-insights-black.svg\" class=\"attachment-large size-large wp-image-2923 lazyload\" alt=\"Deep Insights Black\" src=\"data:image\/svg+xml;base64,PHN2ZyB3aWR0aD0iMSIgaGVpZ2h0PSIxIiB4bWxucz0iaHR0cDovL3d3dy53My5vcmcvMjAwMC9zdmciPjwvc3ZnPg==\" style=\"--smush-placeholder-width: 48px; --smush-placeholder-aspect-ratio: 48\/48;\" \/>\t\t\t\t\t\t\t\t\t\t\t\t\t\t\t<\/div>\n\t\t\t\t<\/div>\n\t\t\t\t<div class=\"elementor-element elementor-element-3312df01 elementor-widget elementor-widget-icon-box\" data-id=\"3312df01\" data-element_type=\"widget\" data-e-type=\"widget\" data-widget_type=\"icon-box.default\">\n\t\t\t\t<div class=\"elementor-widget-container\">\n\t\t\t\t\t\t\t<div class=\"elementor-icon-box-wrapper\">\n\n\t\t\t\n\t\t\t\t\t\t<div class=\"elementor-icon-box-content\">\n\n\t\t\t\t\t\t\t\t\t<h3 class=\"elementor-icon-box-title\">\n\t\t\t\t\t\t<span  >\n\t\t\t\t\t\t\tCon\u00e7u pour tout environnement\t\t\t\t\t\t<\/span>\n\t\t\t\t\t<\/h3>\n\t\t\t\t\n\t\t\t\t\t\t\t\t\t<p class=\"elementor-icon-box-description\">\n\t\t\t\t\t\tPOWERPACK est utilisable en int\u00e9rieur comme en ext\u00e9rieur, avec r\u00e9gulation climatique int\u00e9gr\u00e9e. Les performances restent stables, m\u00eame dans des conditions industrielles exigeantes.\t\t\t\t\t<\/p>\n\t\t\t\t\n\t\t\t<\/div>\n\t\t\t\n\t\t<\/div>\n\t\t\t\t\t\t<\/div>\n\t\t\t\t<\/div>\n\t\t\t\t<\/div>\n\t\t<div class=\"elementor-element elementor-element-020ebb5 e-con-full e-flex e-con e-child\" data-id=\"020ebb5\" data-element_type=\"container\" data-e-type=\"container\">\n\t\t\t\t<div class=\"elementor-element elementor-element-2b2f7f9 elementor-widget elementor-widget-image\" data-id=\"2b2f7f9\" data-element_type=\"widget\" data-e-type=\"widget\" data-widget_type=\"image.default\">\n\t\t\t\t<div class=\"elementor-widget-container\">\n\t\t\t\t\t\t\t\t\t\t\t\t\t\t\t<img decoding=\"async\" width=\"48\" height=\"48\" data-src=\"https:\/\/b2b.ilumen.solar\/wp-content\/uploads\/2023\/05\/deep-insights-black.svg\" class=\"attachment-large size-large wp-image-2923 lazyload\" alt=\"Deep Insights Black\" src=\"data:image\/svg+xml;base64,PHN2ZyB3aWR0aD0iMSIgaGVpZ2h0PSIxIiB4bWxucz0iaHR0cDovL3d3dy53My5vcmcvMjAwMC9zdmciPjwvc3ZnPg==\" style=\"--smush-placeholder-width: 48px; --smush-placeholder-aspect-ratio: 48\/48;\" \/>\t\t\t\t\t\t\t\t\t\t\t\t\t\t\t<\/div>\n\t\t\t\t<\/div>\n\t\t\t\t<div class=\"elementor-element elementor-element-4bb3083 elementor-widget elementor-widget-icon-box\" data-id=\"4bb3083\" data-element_type=\"widget\" data-e-type=\"widget\" data-widget_type=\"icon-box.default\">\n\t\t\t\t<div class=\"elementor-widget-container\">\n\t\t\t\t\t\t\t<div class=\"elementor-icon-box-wrapper\">\n\n\t\t\t\n\t\t\t\t\t\t<div class=\"elementor-icon-box-content\">\n\n\t\t\t\t\t\t\t\t\t<h3 class=\"elementor-icon-box-title\">\n\t\t\t\t\t\t<span  >\n\t\t\t\t\t\t\t\u00c9volutif et tourn\u00e9 vers l\u2019avenir\t\t\t\t\t\t<\/span>\n\t\t\t\t\t<\/h3>\n\t\t\t\t\n\t\t\t\t\t\t\t\t\t<p class=\"elementor-icon-box-description\">\n\t\t\t\t\t\tLe syst\u00e8me est con\u00e7u de mani\u00e8re modulaire et grandit avec vos besoins \u00e9nerg\u00e9tiques. Il s\u2019int\u00e8gre en toute transparence dans votre architecture \u00e9nerg\u00e9tique existante.\t\t\t\t\t<\/p>\n\t\t\t\t\n\t\t\t<\/div>\n\t\t\t\n\t\t<\/div>\n\t\t\t\t\t\t<\/div>\n\t\t\t\t<\/div>\n\t\t\t\t<\/div>\n\t\t\t\t\t<\/div>\n\t\t\t\t<\/div>\n\t\t\t\t<section class=\"elementor-section elementor-top-section elementor-element elementor-element-26243bff elementor-section-boxed elementor-section-height-default elementor-section-height-default\" data-id=\"26243bff\" data-element_type=\"section\" data-e-type=\"section\" data-settings=\"{&quot;background_background&quot;:&quot;classic&quot;}\">\n\t\t\t\t\t\t<div class=\"elementor-container elementor-column-gap-default\">\n\t\t\t\t\t<div class=\"elementor-column elementor-col-100 elementor-top-column elementor-element elementor-element-4cdef81d ilumen-blok-links\" data-id=\"4cdef81d\" data-element_type=\"column\" data-e-type=\"column\">\n\t\t\t<div class=\"elementor-widget-wrap elementor-element-populated\">\n\t\t\t\t\t\t<div class=\"elementor-element elementor-element-1bb0c824 elementor-widget elementor-widget-heading\" data-id=\"1bb0c824\" data-element_type=\"widget\" data-e-type=\"widget\" data-widget_type=\"heading.default\">\n\t\t\t\t<div class=\"elementor-widget-container\">\n\t\t\t\t\t<h2 class=\"elementor-heading-title elementor-size-default\">Fonctionnalit\u00e9s de POWERPACK<\/h2>\t\t\t\t<\/div>\n\t\t\t\t<\/div>\n\t\t\t\t\t<\/div>\n\t\t<\/div>\n\t\t\t\t\t<\/div>\n\t\t<\/section>\n\t\t<div class=\"elementor-element elementor-element-5babe50 e-flex e-con-boxed e-con e-parent\" data-id=\"5babe50\" data-element_type=\"container\" data-e-type=\"container\">\n\t\t\t\t\t<div class=\"e-con-inner\">\n\t\t<div class=\"elementor-element elementor-element-051a161 e-con-full e-flex e-con e-child\" data-id=\"051a161\" data-element_type=\"container\" data-e-type=\"container\">\n\t\t\t\t<div class=\"elementor-element elementor-element-5c54d1f elementor-widget__width-initial elementor-widget elementor-widget-heading\" data-id=\"5c54d1f\" data-element_type=\"widget\" data-e-type=\"widget\" data-widget_type=\"heading.default\">\n\t\t\t\t<div class=\"elementor-widget-container\">\n\t\t\t\t\t<h3 class=\"elementor-heading-title elementor-size-default\">Autoconsommation \u2014 Utilisez ce que vous produisez.<\/h3>\t\t\t\t<\/div>\n\t\t\t\t<\/div>\n\t\t\t\t<div class=\"elementor-element elementor-element-9d68329 elementor-widget elementor-widget-text-editor\" data-id=\"9d68329\" data-element_type=\"widget\" data-e-type=\"widget\" data-widget_type=\"text-editor.default\">\n\t\t\t\t<div class=\"elementor-widget-container\">\n\t\t\t\t\t\t\t\t\t<p>Vous utilisez votre propre \u00e9nergie solaire quand elle est disponible et stockez temporairement les exc\u00e9dents.<\/p><p>Vous \u00e9vitez ainsi les soutirages co\u00fbteux et limitez les tarifs de distribution et de capacit\u00e9.<\/p><p>Une plus grande autoconsommation, c\u2019est un meilleur retour sur votre investissement PV.<\/p>\t\t\t\t\t\t\t\t<\/div>\n\t\t\t\t<\/div>\n\t\t\t\t<\/div>\n\t\t<div class=\"elementor-element elementor-element-1d9d2a4 e-con-full e-flex e-con e-child\" data-id=\"1d9d2a4\" data-element_type=\"container\" data-e-type=\"container\">\n\t\t\t\t<div class=\"elementor-element elementor-element-afed574 elementor-widget__width-initial elementor-widget elementor-widget-heading\" data-id=\"afed574\" data-element_type=\"widget\" data-e-type=\"widget\" data-widget_type=\"heading.default\">\n\t\t\t\t<div class=\"elementor-widget-container\">\n\t\t\t\t\t<h3 class=\"elementor-heading-title elementor-size-default\">Peakshaving \u2014 G\u00e9rez vos pics de charge.<\/h3>\t\t\t\t<\/div>\n\t\t\t\t<\/div>\n\t\t\t\t<div class=\"elementor-element elementor-element-c671215 elementor-widget elementor-widget-text-editor\" data-id=\"c671215\" data-element_type=\"widget\" data-e-type=\"widget\" data-widget_type=\"text-editor.default\">\n\t\t\t\t<div class=\"elementor-widget-container\">\n\t\t\t\t\t\t\t\t\t<p>POWERPACK absorbe les pics de consommation via le tampon batterie et la r\u00e9gulation de puissance. Pas de renforcement r\u00e9seau inutile, et r\u00e9duction de vos tarifs de capacit\u00e9.<\/p><p>Le peakshaving offre non seulement des avantages financiers, mais contribue aussi \u00e0 une gestion \u00e9nerg\u00e9tique plus efficace et p\u00e9renne.<\/p>\t\t\t\t\t\t\t\t<\/div>\n\t\t\t\t<\/div>\n\t\t\t\t<\/div>\n\t\t<div class=\"elementor-element elementor-element-c0fbaee e-con-full e-flex e-con e-child\" data-id=\"c0fbaee\" data-element_type=\"container\" data-e-type=\"container\">\n\t\t\t\t<div class=\"elementor-element elementor-element-8218978 elementor-widget__width-initial elementor-widget elementor-widget-heading\" data-id=\"8218978\" data-element_type=\"widget\" data-e-type=\"widget\" data-widget_type=\"heading.default\">\n\t\t\t\t<div class=\"elementor-widget-container\">\n\t\t\t\t\t<h3 class=\"elementor-heading-title elementor-size-default\">Dynamic Charging \u2014 Chargez intelligemment sur la base de tarifs dynamiques.<\/h3>\t\t\t\t<\/div>\n\t\t\t\t<\/div>\n\t\t\t\t<div class=\"elementor-element elementor-element-09a38b7 elementor-widget elementor-widget-text-editor\" data-id=\"09a38b7\" data-element_type=\"widget\" data-e-type=\"widget\" data-widget_type=\"text-editor.default\">\n\t\t\t\t<div class=\"elementor-widget-container\">\n\t\t\t\t\t\t\t\t\t<p style=\"font-weight: 400;\">Le syst\u00e8me surveille les tarifs \u00e9nerg\u00e9tiques en temps r\u00e9el \u2014 dont les prix EPEXSPOT \u2014 se charge quand l\u2019\u00e9nergie est bon march\u00e9 et se d\u00e9charge quand elle est ch\u00e8re. Selon votre contrat \u00e9nerg\u00e9tique, il est \u00e9galement possible d\u2019intervenir sur le march\u00e9 du d\u00e9s\u00e9quilibre.<\/p><p style=\"font-weight: 400;\">Sur la base des profils de consommation, des pr\u00e9visions m\u00e9t\u00e9o et des donn\u00e9es de production solaire, le syst\u00e8me \u00e9value l\u2019\u00e9nergie solaire disponible et la consommation future. Il se pr\u00e9pare ainsi \u00e0 r\u00e9agir automatiquement et de fa\u00e7on optimale aux fluctuations tarifaires.<\/p><p>\u00a0<\/p>\t\t\t\t\t\t\t\t<\/div>\n\t\t\t\t<\/div>\n\t\t\t\t<\/div>\n\t\t<div class=\"elementor-element elementor-element-71b0099 e-con-full e-flex e-con e-child\" data-id=\"71b0099\" data-element_type=\"container\" data-e-type=\"container\">\n\t\t\t\t<div class=\"elementor-element elementor-element-6434d88 elementor-widget__width-initial elementor-widget elementor-widget-heading\" data-id=\"6434d88\" data-element_type=\"widget\" data-e-type=\"widget\" data-widget_type=\"heading.default\">\n\t\t\t\t<div class=\"elementor-widget-container\">\n\t\t\t\t\t<h3 class=\"elementor-heading-title elementor-size-default\">Int\u00e9gration ILUSMART \u2014 Un \u00e9cosyst\u00e8me intelligent.<\/h3>\t\t\t\t<\/div>\n\t\t\t\t<\/div>\n\t\t\t\t<div class=\"elementor-element elementor-element-2ca6dd6 elementor-widget elementor-widget-text-editor\" data-id=\"2ca6dd6\" data-element_type=\"widget\" data-e-type=\"widget\" data-widget_type=\"text-editor.default\">\n\t\t\t\t<div class=\"elementor-widget-container\">\n\t\t\t\t\t\t\t\t\t<p>POWERPACK fonctionne au sein de l\u2019\u00e9cosyst\u00e8me iLumen via l\u2019application iLuSmart et communique avec :<\/p><p>\n<ul>\n \t<li>panneaux solaires et onduleurs<\/li>\n \t<li>bornes de recharge<\/li>\n \t<li>chargeurs rapides DC<\/li>\n \t<li>autres \u00e9quipements \u00e9nerg\u00e9tiques<\/li>\n<\/ul><\/p><p>\nVia le tableau de bord <a href=\"https:\/\/b2b.ilumen.solar\/fr\/ilusmart\/\">iLusmart<\/a>\u00a0vous avez acc\u00e9dez \u00e0 :<\/p><p>\n<ul>\n \t<li>\u00e9tat du syst\u00e8me<\/li>\n \t<li>performances historiques<\/li>\n \t<li>\u00e9tat de la batterie<\/li>\n \t<li>strat\u00e9gies de consommation et de recharge<\/li>\n<\/ul><\/p><p>\nLe tout int\u00e9gr\u00e9 dans une seule architecture \u00e9nerg\u00e9tique.<\/p>\t\t\t\t\t\t\t\t<\/div>\n\t\t\t\t<\/div>\n\t\t\t\t<\/div>\n\t\t\t\t\t<\/div>\n\t\t\t\t<\/div>\n\t\t\t\t<\/div>","protected":false},"excerpt":{"rendered":"<p>Strategische energieopslag voor bedrijven POWERPACK Ge\u00efntegreerd batterijsysteem voor maximale flexibiliteit POWERPACK slaat overtollige of goedkope energie op en zet die in wanneer het loont. Zo vang je verbruikspieken op, zet je eigen hernieuwbare energie optimaal in en verlaag je energiekosten. Helemaal afgestemd op je netcapaciteit en tariefstructuur. POWERPACK De voordelen Maximale energie-effici\u00ebntie Je slaat overtollige [&hellip;]<\/p>\n","protected":false},"author":22,"featured_media":0,"parent":0,"menu_order":0,"comment_status":"closed","ping_status":"closed","template":"","meta":{"_seopress_robots_primary_cat":"","_seopress_titles_title":"POWERPACK | Slim batterijsysteem voor bedrijven | iLumen","_seopress_titles_desc":"POWERPACK slaat energie op wanneer het loont en zet die in bij piekverbruik. Verlaag capaciteitstarieven en beheer je energiekosten slim \u2014 zonder netverzwaring.","_seopress_robots_index":"","footnotes":""},"class_list":["post-13322","page","type-page","status-publish","hentry"],"_links":{"self":[{"href":"https:\/\/b2b.ilumen.solar\/fr\/wp-json\/wp\/v2\/pages\/13322","targetHints":{"allow":["GET"]}}],"collection":[{"href":"https:\/\/b2b.ilumen.solar\/fr\/wp-json\/wp\/v2\/pages"}],"about":[{"href":"https:\/\/b2b.ilumen.solar\/fr\/wp-json\/wp\/v2\/types\/page"}],"author":[{"embeddable":true,"href":"https:\/\/b2b.ilumen.solar\/fr\/wp-json\/wp\/v2\/users\/22"}],"replies":[{"embeddable":true,"href":"https:\/\/b2b.ilumen.solar\/fr\/wp-json\/wp\/v2\/comments?post=13322"}],"version-history":[{"count":84,"href":"https:\/\/b2b.ilumen.solar\/fr\/wp-json\/wp\/v2\/pages\/13322\/revisions"}],"predecessor-version":[{"id":15118,"href":"https:\/\/b2b.ilumen.solar\/fr\/wp-json\/wp\/v2\/pages\/13322\/revisions\/15118"}],"wp:attachment":[{"href":"https:\/\/b2b.ilumen.solar\/fr\/wp-json\/wp\/v2\/media?parent=13322"}],"curies":[{"name":"wp","href":"https:\/\/api.w.org\/{rel}","templated":true}]}}