{"id":13655,"date":"2026-02-11T17:14:15","date_gmt":"2026-02-11T16:14:15","guid":{"rendered":"https:\/\/b2b.ilumen.solar\/?page_id=13655"},"modified":"2026-03-07T09:21:12","modified_gmt":"2026-03-07T08:21:12","slug":"charge-base-station","status":"publish","type":"page","link":"https:\/\/b2b.ilumen.solar\/fr\/charge-base-station\/","title":{"rendered":"CHARGE BASE-STATION"},"content":{"rendered":"<div data-elementor-type=\"wp-page\" data-elementor-id=\"13655\" class=\"elementor elementor-13655\" data-elementor-post-type=\"page\">\n\t\t\t\t\t\t<section class=\"elementor-section elementor-top-section elementor-element elementor-element-417ffb2d elementor-section-height-min-height elementor-section-boxed elementor-section-height-default elementor-section-items-middle\" data-id=\"417ffb2d\" data-element_type=\"section\" data-e-type=\"section\" data-settings=\"{&quot;background_background&quot;:&quot;classic&quot;}\">\n\t\t\t\t\t\t\t<div class=\"elementor-background-overlay\"><\/div>\n\t\t\t\t\t\t\t<div class=\"elementor-container elementor-column-gap-default\">\n\t\t\t\t\t<div class=\"elementor-column elementor-col-50 elementor-top-column elementor-element elementor-element-4814c60b\" data-id=\"4814c60b\" data-element_type=\"column\" data-e-type=\"column\">\n\t\t\t<div class=\"elementor-widget-wrap elementor-element-populated\">\n\t\t\t\t\t\t<div class=\"elementor-element elementor-element-149d150e elementor-widget elementor-widget-heading\" data-id=\"149d150e\" data-element_type=\"widget\" data-e-type=\"widget\" data-widget_type=\"heading.default\">\n\t\t\t\t<div class=\"elementor-widget-container\">\n\t\t\t\t\t<h1 class=\"elementor-heading-title elementor-size-default\">Solution de recharge professionnelle pour parking<\/h1>\t\t\t\t<\/div>\n\t\t\t\t<\/div>\n\t\t\t\t<div class=\"elementor-element elementor-element-63928fee elementor-widget elementor-widget-heading\" data-id=\"63928fee\" data-element_type=\"widget\" data-e-type=\"widget\" data-widget_type=\"heading.default\">\n\t\t\t\t<div class=\"elementor-widget-container\">\n\t\t\t\t\t<h2 class=\"elementor-heading-title elementor-size-default\">CHARGE BASE-STATION<\/h2>\t\t\t\t<\/div>\n\t\t\t\t<\/div>\n\t\t\t\t<div class=\"elementor-element elementor-element-2d1adbfa elementor-widget elementor-widget-text-editor\" data-id=\"2d1adbfa\" data-element_type=\"widget\" data-e-type=\"widget\" data-widget_type=\"text-editor.default\">\n\t\t\t\t<div class=\"elementor-widget-container\">\n\t\t\t\t\t\t\t\t\t<p style=\"font-weight: 400;\">Con\u00e7u pour une implantation optimale et un usage quotidien intensif.<\/p><p style=\"font-weight: 400;\">Pilot\u00e9 par iLusmart, le syst\u00e8me adapte la puissance de recharge \u00e0 votre capacit\u00e9 r\u00e9seau disponible, votre production solaire et vos tarifs \u00e9nerg\u00e9tiques. Vous \u00e9vitez les pics de charge et gardez le contr\u00f4le de vos co\u00fbts \u00e9nerg\u00e9tiques.<\/p>\t\t\t\t\t\t\t\t<\/div>\n\t\t\t\t<\/div>\n\t\t\t\t\t<\/div>\n\t\t<\/div>\n\t\t\t\t<div class=\"elementor-column elementor-col-50 elementor-top-column elementor-element elementor-element-21c18519\" data-id=\"21c18519\" data-element_type=\"column\" data-e-type=\"column\">\n\t\t\t<div class=\"elementor-widget-wrap\">\n\t\t\t\t\t\t\t<\/div>\n\t\t<\/div>\n\t\t\t\t\t<\/div>\n\t\t<\/section>\n\t\t\t\t<section class=\"elementor-section elementor-top-section elementor-element elementor-element-2e7a1c8a elementor-section-boxed elementor-section-height-default elementor-section-height-default\" data-id=\"2e7a1c8a\" data-element_type=\"section\" data-e-type=\"section\" data-settings=\"{&quot;background_background&quot;:&quot;classic&quot;}\">\n\t\t\t\t\t\t<div class=\"elementor-container elementor-column-gap-default\">\n\t\t\t\t\t<div class=\"elementor-column elementor-col-100 elementor-top-column elementor-element elementor-element-338a3a76\" data-id=\"338a3a76\" data-element_type=\"column\" data-e-type=\"column\">\n\t\t\t<div class=\"elementor-widget-wrap elementor-element-populated\">\n\t\t\t\t\t\t<div class=\"elementor-element elementor-element-3b84fbef elementor-widget elementor-widget-heading\" data-id=\"3b84fbef\" data-element_type=\"widget\" data-e-type=\"widget\" data-widget_type=\"heading.default\">\n\t\t\t\t<div class=\"elementor-widget-container\">\n\t\t\t\t\t<h2 class=\"elementor-heading-title elementor-size-default\">CHARGE BASE-STATION<\/h2>\t\t\t\t<\/div>\n\t\t\t\t<\/div>\n\t\t\t\t<div class=\"elementor-element elementor-element-46e38a73 elementor-widget elementor-widget-heading\" data-id=\"46e38a73\" data-element_type=\"widget\" data-e-type=\"widget\" data-widget_type=\"heading.default\">\n\t\t\t\t<div class=\"elementor-widget-container\">\n\t\t\t\t\t<h3 class=\"elementor-heading-title elementor-size-default\">Les avantages <br><\/h3>\t\t\t\t<\/div>\n\t\t\t\t<\/div>\n\t\t\t\t<div class=\"elementor-element elementor-element-33067e2b elementor-widget elementor-widget-image\" data-id=\"33067e2b\" data-element_type=\"widget\" data-e-type=\"widget\" data-widget_type=\"image.default\">\n\t\t\t\t<div class=\"elementor-widget-container\">\n\t\t\t\t\t\t\t\t\t\t\t\t\t\t\t<img fetchpriority=\"high\" decoding=\"async\" width=\"300\" height=\"200\" src=\"https:\/\/b2b.ilumen.solar\/wp-content\/uploads\/2026\/02\/charge-base-station-300x200.png\" class=\"attachment-medium size-medium wp-image-13696\" alt=\"Charge Base Station\" srcset=\"https:\/\/b2b.ilumen.solar\/wp-content\/uploads\/2026\/02\/charge-base-station-300x200.png 300w, https:\/\/b2b.ilumen.solar\/wp-content\/uploads\/2026\/02\/charge-base-station-768x512.png 768w, https:\/\/b2b.ilumen.solar\/wp-content\/uploads\/2026\/02\/charge-base-station-18x12.png 18w, https:\/\/b2b.ilumen.solar\/wp-content\/uploads\/2026\/02\/charge-base-station.png 1024w\" sizes=\"(max-width: 300px) 100vw, 300px\" \/>\t\t\t\t\t\t\t\t\t\t\t\t\t\t\t<\/div>\n\t\t\t\t<\/div>\n\t\t\t\t\t<\/div>\n\t\t<\/div>\n\t\t\t\t\t<\/div>\n\t\t<\/section>\n\t\t<div class=\"elementor-element elementor-element-de51f8b e-flex e-con-boxed e-con e-parent\" data-id=\"de51f8b\" data-element_type=\"container\" data-e-type=\"container\" data-settings=\"{&quot;background_background&quot;:&quot;classic&quot;}\">\n\t\t\t\t\t<div class=\"e-con-inner\">\n\t\t<div class=\"elementor-element elementor-element-1843f91 e-con-full e-flex e-con e-child\" data-id=\"1843f91\" data-element_type=\"container\" data-e-type=\"container\">\n\t\t\t\t<div class=\"elementor-element elementor-element-140ca6a elementor-widget elementor-widget-image\" data-id=\"140ca6a\" data-element_type=\"widget\" data-e-type=\"widget\" data-widget_type=\"image.default\">\n\t\t\t\t<div class=\"elementor-widget-container\">\n\t\t\t\t\t\t\t\t\t\t\t\t\t\t\t<img decoding=\"async\" data-src=\"https:\/\/b2b.ilumen.solar\/wp-content\/uploads\/2023\/05\/Smart-charge-black.svg\" title=\"Smart Charge Black\" alt=\"Smart Charge Black\" src=\"data:image\/svg+xml;base64,PHN2ZyB3aWR0aD0iMSIgaGVpZ2h0PSIxIiB4bWxucz0iaHR0cDovL3d3dy53My5vcmcvMjAwMC9zdmciPjwvc3ZnPg==\" class=\"lazyload\" \/>\t\t\t\t\t\t\t\t\t\t\t\t\t\t\t<\/div>\n\t\t\t\t<\/div>\n\t\t\t\t<div class=\"elementor-element elementor-element-6cfed0c elementor-widget elementor-widget-icon-box\" data-id=\"6cfed0c\" data-element_type=\"widget\" data-e-type=\"widget\" data-widget_type=\"icon-box.default\">\n\t\t\t\t<div class=\"elementor-widget-container\">\n\t\t\t\t\t\t\t<div class=\"elementor-icon-box-wrapper\">\n\n\t\t\t\n\t\t\t\t\t\t<div class=\"elementor-icon-box-content\">\n\n\t\t\t\t\t\t\t\t\t<h3 class=\"elementor-icon-box-title\">\n\t\t\t\t\t\t<span  >\n\t\t\t\t\t\t\tGestion intelligente de la puissance\t\t\t\t\t\t<\/span>\n\t\t\t\t\t<\/h3>\n\t\t\t\t\n\t\t\t\t\t\t\t\t\t<p class=\"elementor-icon-box-description\">\n\t\t\t\t\t\tCHARGE BASE-STATION adapte la puissance de recharge \u00e0 votre capacit\u00e9 r\u00e9seau disponible et \u00e0 votre production \u00e9nerg\u00e9tique. Vous rechargez efficacement sans pics de charge inutiles.\t\t\t\t\t<\/p>\n\t\t\t\t\n\t\t\t<\/div>\n\t\t\t\n\t\t<\/div>\n\t\t\t\t\t\t<\/div>\n\t\t\t\t<\/div>\n\t\t\t\t<\/div>\n\t\t<div class=\"elementor-element elementor-element-1bad208 e-con-full e-flex e-con e-child\" data-id=\"1bad208\" data-element_type=\"container\" data-e-type=\"container\">\n\t\t\t\t<div class=\"elementor-element elementor-element-d0652c4 elementor-widget elementor-widget-image\" data-id=\"d0652c4\" data-element_type=\"widget\" data-e-type=\"widget\" data-widget_type=\"image.default\">\n\t\t\t\t<div class=\"elementor-widget-container\">\n\t\t\t\t\t\t\t\t\t\t\t\t\t\t\t<img decoding=\"async\" width=\"48\" height=\"48\" data-src=\"https:\/\/b2b.ilumen.solar\/wp-content\/uploads\/2023\/05\/deep-insights-black.svg\" class=\"attachment-large size-large wp-image-2923 lazyload\" alt=\"Deep Insights Black\" src=\"data:image\/svg+xml;base64,PHN2ZyB3aWR0aD0iMSIgaGVpZ2h0PSIxIiB4bWxucz0iaHR0cDovL3d3dy53My5vcmcvMjAwMC9zdmciPjwvc3ZnPg==\" style=\"--smush-placeholder-width: 48px; --smush-placeholder-aspect-ratio: 48\/48;\" \/>\t\t\t\t\t\t\t\t\t\t\t\t\t\t\t<\/div>\n\t\t\t\t<\/div>\n\t\t\t\t<div class=\"elementor-element elementor-element-2f2c8d0 elementor-widget elementor-widget-icon-box\" data-id=\"2f2c8d0\" data-element_type=\"widget\" data-e-type=\"widget\" data-widget_type=\"icon-box.default\">\n\t\t\t\t<div class=\"elementor-widget-container\">\n\t\t\t\t\t\t\t<div class=\"elementor-icon-box-wrapper\">\n\n\t\t\t\n\t\t\t\t\t\t<div class=\"elementor-icon-box-content\">\n\n\t\t\t\t\t\t\t\t\t<h3 class=\"elementor-icon-box-title\">\n\t\t\t\t\t\t<span  >\n\t\t\t\t\t\t\tSuivi en temps r\u00e9el\t\t\t\t\t\t<\/span>\n\t\t\t\t\t<\/h3>\n\t\t\t\t\n\t\t\t\t\t\t\t\t\t<p class=\"elementor-icon-box-description\">\n\t\t\t\t\t\tVous suivez le processus de recharge via l\u2019application iLusmart et disposez d\u2019informations sur la consommation, les sessions de recharge et l\u2019historique. Gestion, reporting et facturation sont int\u00e9gr\u00e9s.\t\t\t\t\t<\/p>\n\t\t\t\t\n\t\t\t<\/div>\n\t\t\t\n\t\t<\/div>\n\t\t\t\t\t\t<\/div>\n\t\t\t\t<\/div>\n\t\t\t\t<\/div>\n\t\t<div class=\"elementor-element elementor-element-cd62c6e e-con-full e-flex e-con e-child\" data-id=\"cd62c6e\" data-element_type=\"container\" data-e-type=\"container\">\n\t\t\t\t<div class=\"elementor-element elementor-element-4e2eb0e elementor-widget elementor-widget-image\" data-id=\"4e2eb0e\" data-element_type=\"widget\" data-e-type=\"widget\" data-widget_type=\"image.default\">\n\t\t\t\t<div class=\"elementor-widget-container\">\n\t\t\t\t\t\t\t\t\t\t\t\t\t\t\t<img decoding=\"async\" width=\"48\" height=\"48\" data-src=\"https:\/\/b2b.ilumen.solar\/wp-content\/uploads\/2023\/05\/deep-insights-black.svg\" class=\"attachment-large size-large wp-image-2923 lazyload\" alt=\"Deep Insights Black\" src=\"data:image\/svg+xml;base64,PHN2ZyB3aWR0aD0iMSIgaGVpZ2h0PSIxIiB4bWxucz0iaHR0cDovL3d3dy53My5vcmcvMjAwMC9zdmciPjwvc3ZnPg==\" style=\"--smush-placeholder-width: 48px; --smush-placeholder-aspect-ratio: 48\/48;\" \/>\t\t\t\t\t\t\t\t\t\t\t\t\t\t\t<\/div>\n\t\t\t\t<\/div>\n\t\t\t\t<div class=\"elementor-element elementor-element-de89463 elementor-widget elementor-widget-icon-box\" data-id=\"de89463\" data-element_type=\"widget\" data-e-type=\"widget\" data-widget_type=\"icon-box.default\">\n\t\t\t\t<div class=\"elementor-widget-container\">\n\t\t\t\t\t\t\t<div class=\"elementor-icon-box-wrapper\">\n\n\t\t\t\n\t\t\t\t\t\t<div class=\"elementor-icon-box-content\">\n\n\t\t\t\t\t\t\t\t\t<h3 class=\"elementor-icon-box-title\">\n\t\t\t\t\t\t<span  >\n\t\t\t\t\t\t\tErgonomique\t\t\t\t\t\t<\/span>\n\t\t\t\t\t<\/h3>\n\t\t\t\t\n\t\t\t\t\t\t\t\t\t<p class=\"elementor-icon-box-description\">\n\t\t\t\t\t\tLes sessions de recharge d\u00e9marrent via l\u2019application iLusmart ou via l\u2019int\u00e9gration CPO. Con\u00e7u pour un usage interne comme pour des utilisateurs externes.\t\t\t\t\t<\/p>\n\t\t\t\t\n\t\t\t<\/div>\n\t\t\t\n\t\t<\/div>\n\t\t\t\t\t\t<\/div>\n\t\t\t\t<\/div>\n\t\t\t\t<\/div>\n\t\t<div class=\"elementor-element elementor-element-33c5652 e-con-full e-flex e-con e-child\" data-id=\"33c5652\" data-element_type=\"container\" data-e-type=\"container\">\n\t\t\t\t<div class=\"elementor-element elementor-element-a1c64a9 elementor-widget elementor-widget-image\" data-id=\"a1c64a9\" data-element_type=\"widget\" data-e-type=\"widget\" data-widget_type=\"image.default\">\n\t\t\t\t<div class=\"elementor-widget-container\">\n\t\t\t\t\t\t\t\t\t\t\t\t\t\t\t<img decoding=\"async\" data-src=\"https:\/\/b2b.ilumen.solar\/wp-content\/uploads\/2023\/05\/Charge-on-the-wall-black.svg\" title=\"Charge On The Wall Black\" alt=\"Charge On The Wall Black\" src=\"data:image\/svg+xml;base64,PHN2ZyB3aWR0aD0iMSIgaGVpZ2h0PSIxIiB4bWxucz0iaHR0cDovL3d3dy53My5vcmcvMjAwMC9zdmciPjwvc3ZnPg==\" class=\"lazyload\" \/>\t\t\t\t\t\t\t\t\t\t\t\t\t\t\t<\/div>\n\t\t\t\t<\/div>\n\t\t\t\t<div class=\"elementor-element elementor-element-c865ccf elementor-widget elementor-widget-icon-box\" data-id=\"c865ccf\" data-element_type=\"widget\" data-e-type=\"widget\" data-widget_type=\"icon-box.default\">\n\t\t\t\t<div class=\"elementor-widget-container\">\n\t\t\t\t\t\t\t<div class=\"elementor-icon-box-wrapper\">\n\n\t\t\t\n\t\t\t\t\t\t<div class=\"elementor-icon-box-content\">\n\n\t\t\t\t\t\t\t\t\t<h3 class=\"elementor-icon-box-title\">\n\t\t\t\t\t\t<span  >\n\t\t\t\t\t\t\tUsage intensif sur parking\t\t\t\t\t\t<\/span>\n\t\t\t\t\t<\/h3>\n\t\t\t\t\n\t\t\t\t\t\t\t\t\t<p class=\"elementor-icon-box-description\">\n\t\t\t\t\t\tGr\u00e2ce \u00e0 son design compact, la CHARGE BASE-STATION occupe un minimum d\u2019espace sur votre parking : une double unit\u00e9 dessert deux places de parking pour un usage intensif.\t\t\t\t\t<\/p>\n\t\t\t\t\n\t\t\t<\/div>\n\t\t\t\n\t\t<\/div>\n\t\t\t\t\t\t<\/div>\n\t\t\t\t<\/div>\n\t\t\t\t<\/div>\n\t\t\t\t\t<\/div>\n\t\t\t\t<\/div>\n\t\t<div class=\"elementor-element elementor-element-13055fd e-flex e-con-boxed e-con e-parent\" data-id=\"13055fd\" data-element_type=\"container\" data-e-type=\"container\">\n\t\t\t\t\t<div class=\"e-con-inner\">\n\t\t\t\t<div class=\"elementor-element elementor-element-b36fa02 elementor-widget elementor-widget-heading\" data-id=\"b36fa02\" data-element_type=\"widget\" data-e-type=\"widget\" data-widget_type=\"heading.default\">\n\t\t\t\t<div class=\"elementor-widget-container\">\n\t\t\t\t\t<h2 class=\"elementor-heading-title elementor-size-default\">Fonctionnalit\u00e9s<\/h2>\t\t\t\t<\/div>\n\t\t\t\t<\/div>\n\t\t\t\t\t<\/div>\n\t\t\t\t<\/div>\n\t\t<div class=\"elementor-element elementor-element-ae404da e-flex e-con-boxed e-con e-parent\" data-id=\"ae404da\" data-element_type=\"container\" data-e-type=\"container\">\n\t\t\t\t\t<div class=\"e-con-inner\">\n\t\t\t\t<div class=\"elementor-element elementor-element-e2ad537 elementor-widget__width-initial elementor-widget elementor-widget-image-box\" data-id=\"e2ad537\" data-element_type=\"widget\" data-e-type=\"widget\" data-widget_type=\"image-box.default\">\n\t\t\t\t<div class=\"elementor-widget-container\">\n\t\t\t\t\t<div class=\"elementor-image-box-wrapper\"><div class=\"elementor-image-box-content\"><h3 class=\"elementor-image-box-title\">Recharge intelligente<\/h3><p class=\"elementor-image-box-description\">iLusmart pilote CHARGE BASE-STATION en fonction de :<p>\n<ul>\n<li>la production solaire\n<li>la charge de pointe (peakshaving)\n<li>la capacit\u00e9 r\u00e9seau disponible (load balancing)\n<li>les prix dynamiques de l\u2019\u00e9lectricit\u00e9\n<\/ul><p><\/p>Vous rechargez vos v\u00e9hicules efficacement, sans surcharger votre installation.<\/p><\/div><\/div>\t\t\t\t<\/div>\n\t\t\t\t<\/div>\n\t\t\t\t<div class=\"elementor-element elementor-element-7b8cd2c elementor-widget__width-initial elementor-widget elementor-widget-image-box\" data-id=\"7b8cd2c\" data-element_type=\"widget\" data-e-type=\"widget\" data-widget_type=\"image-box.default\">\n\t\t\t\t<div class=\"elementor-widget-container\">\n\t\t\t\t\t<div class=\"elementor-image-box-wrapper\"><div class=\"elementor-image-box-content\"><h3 class=\"elementor-image-box-title\">Suivi et gestion \u00e0 distance<\/h3><p class=\"elementor-image-box-description\">Via iLusmart, g\u00e9rez vos bornes de mani\u00e8re centralis\u00e9e. Vous pouvez :<p>\n<ul>\n<li>modifier les param\u00e8tres\n<li>ajouter des utilisateurs\n<li>suivre les sessions de recharge en temps r\u00e9el\n<li>consulter l\u2019historique des recharges et des utilisateurs\n<li>exporter l\u2019historique pour la facturation\n <\/ul><p><\/p>\n\nTout via un seul tableau de bord. Les utilisateurs d\u00e9marrent et arr\u00eatent leur session de recharge facilement via l\u2019application, sans badge physique.<\/p><\/div><\/div>\t\t\t\t<\/div>\n\t\t\t\t<\/div>\n\t\t\t\t<div class=\"elementor-element elementor-element-344fc4b elementor-widget__width-initial elementor-widget elementor-widget-image-box\" data-id=\"344fc4b\" data-element_type=\"widget\" data-e-type=\"widget\" data-widget_type=\"image-box.default\">\n\t\t\t\t<div class=\"elementor-widget-container\">\n\t\t\t\t\t<div class=\"elementor-image-box-wrapper\"><div class=\"elementor-image-box-content\"><h3 class=\"elementor-image-box-title\">Solution de paiement CPO<\/h3><p class=\"elementor-image-box-description\">Rendez vos bornes accessibles au public. Les visiteurs paient via badge de recharge, carte de paiement ou application bancaire. Facturation et traitement se font automatiquement. Vous combinez ainsi gestion professionnelle de la recharge et flexibilit\u00e9 commerciale.<\/p><\/div><\/div>\t\t\t\t<\/div>\n\t\t\t\t<\/div>\n\t\t\t\t\t<\/div>\n\t\t\t\t<\/div>\n\t\t\t\t<\/div>","protected":false},"excerpt":{"rendered":"<p>Professionele parkeerlaadoplossing CHARGE BASE-STATION Ontworpen voor optimale plaatsing en intensief dagelijks gebruik. Aangestuurd door iLusmart stemt het systeem het laadvermogen af op je beschikbare netcapaciteit, zonneproductie en energietarieven. Zo vermijd je piekbelasting en behoud je controle over je energiekosten. CHARGE BASE-STATION De voordelen Slim vermogensbeheer CHARGE BASE-STATION stemt het laadvermogen af op je beschikbare netcapaciteit [&hellip;]<\/p>\n","protected":false},"author":22,"featured_media":0,"parent":0,"menu_order":0,"comment_status":"closed","ping_status":"closed","template":"","meta":{"_seopress_robots_primary_cat":"","_seopress_titles_title":"CHARGE BASE-STATION | Laadoplossing voor parkings | iLumen","_seopress_titles_desc":"CHARGE BASE-STATION laadt medewerkers en bezoekers slim op je parking. Afgestemd op netcapaciteit en zonneproductie via iLusmart \u2014 zonder piekbelasting.","_seopress_robots_index":"","footnotes":""},"class_list":["post-13655","page","type-page","status-publish","hentry"],"_links":{"self":[{"href":"https:\/\/b2b.ilumen.solar\/fr\/wp-json\/wp\/v2\/pages\/13655","targetHints":{"allow":["GET"]}}],"collection":[{"href":"https:\/\/b2b.ilumen.solar\/fr\/wp-json\/wp\/v2\/pages"}],"about":[{"href":"https:\/\/b2b.ilumen.solar\/fr\/wp-json\/wp\/v2\/types\/page"}],"author":[{"embeddable":true,"href":"https:\/\/b2b.ilumen.solar\/fr\/wp-json\/wp\/v2\/users\/22"}],"replies":[{"embeddable":true,"href":"https:\/\/b2b.ilumen.solar\/fr\/wp-json\/wp\/v2\/comments?post=13655"}],"version-history":[{"count":49,"href":"https:\/\/b2b.ilumen.solar\/fr\/wp-json\/wp\/v2\/pages\/13655\/revisions"}],"predecessor-version":[{"id":15073,"href":"https:\/\/b2b.ilumen.solar\/fr\/wp-json\/wp\/v2\/pages\/13655\/revisions\/15073"}],"wp:attachment":[{"href":"https:\/\/b2b.ilumen.solar\/fr\/wp-json\/wp\/v2\/media?parent=13655"}],"curies":[{"name":"wp","href":"https:\/\/api.w.org\/{rel}","templated":true}]}}