{"id":13671,"date":"2026-02-11T17:25:27","date_gmt":"2026-02-11T16:25:27","guid":{"rendered":"https:\/\/b2b.ilumen.solar\/?page_id=13671"},"modified":"2026-03-07T09:36:02","modified_gmt":"2026-03-07T08:36:02","slug":"cpo","status":"publish","type":"page","link":"https:\/\/b2b.ilumen.solar\/fr\/cpo\/","title":{"rendered":"CPO"},"content":{"rendered":"<div data-elementor-type=\"wp-page\" data-elementor-id=\"13671\" class=\"elementor elementor-13671\" data-elementor-post-type=\"page\">\n\t\t\t\t\t\t<section class=\"elementor-section elementor-top-section elementor-element elementor-element-1dd3358 elementor-section-height-min-height elementor-section-boxed elementor-section-height-default elementor-section-items-middle\" data-id=\"1dd3358\" data-element_type=\"section\" data-e-type=\"section\" data-settings=\"{&quot;background_background&quot;:&quot;classic&quot;}\">\n\t\t\t\t\t\t\t<div class=\"elementor-background-overlay\"><\/div>\n\t\t\t\t\t\t\t<div class=\"elementor-container elementor-column-gap-default\">\n\t\t\t\t\t<div class=\"elementor-column elementor-col-50 elementor-top-column elementor-element elementor-element-a385508\" data-id=\"a385508\" data-element_type=\"column\" data-e-type=\"column\">\n\t\t\t<div class=\"elementor-widget-wrap elementor-element-populated\">\n\t\t\t\t\t\t<div class=\"elementor-element elementor-element-b6039f4 elementor-widget elementor-widget-heading\" data-id=\"b6039f4\" data-element_type=\"widget\" data-e-type=\"widget\" data-widget_type=\"heading.default\">\n\t\t\t\t<div class=\"elementor-widget-container\">\n\t\t\t\t\t<h1 class=\"elementor-heading-title elementor-size-default\">Recharge sans contrainte et revenus suppl\u00e9mentaires avec la solution CPO d\u2019iLumen<\/h1>\t\t\t\t<\/div>\n\t\t\t\t<\/div>\n\t\t\t\t<div class=\"elementor-element elementor-element-3f019b1 elementor-widget elementor-widget-text-editor\" data-id=\"3f019b1\" data-element_type=\"widget\" data-e-type=\"widget\" data-widget_type=\"text-editor.default\">\n\t\t\t\t<div class=\"elementor-widget-container\">\n\t\t\t\t\t\t\t\t\t<p>Chez iLumen, nous d\u00e9veloppons des syst\u00e8mes de recharge VE fiables et ergonomiques qui rendent la mobilit\u00e9 \u00e9lectrique encore plus accessible. Via nos services CPO, nous garantissons \u00e0 votre entreprise une gestion de la recharge fluide et efficace, sans complications.<\/p>\t\t\t\t\t\t\t\t<\/div>\n\t\t\t\t<\/div>\n\t\t\t\t\t<\/div>\n\t\t<\/div>\n\t\t\t\t<div class=\"elementor-column elementor-col-50 elementor-top-column elementor-element elementor-element-678cac4\" data-id=\"678cac4\" data-element_type=\"column\" data-e-type=\"column\">\n\t\t\t<div class=\"elementor-widget-wrap\">\n\t\t\t\t\t\t\t<\/div>\n\t\t<\/div>\n\t\t\t\t\t<\/div>\n\t\t<\/section>\n\t\t\t\t<section class=\"elementor-section elementor-top-section elementor-element elementor-element-97cd3cd elementor-section-boxed elementor-section-height-default elementor-section-height-default\" data-id=\"97cd3cd\" data-element_type=\"section\" data-e-type=\"section\" data-settings=\"{&quot;background_background&quot;:&quot;classic&quot;}\">\n\t\t\t\t\t\t<div class=\"elementor-container elementor-column-gap-default\">\n\t\t\t\t\t<div class=\"elementor-column elementor-col-25 elementor-top-column elementor-element elementor-element-689e32b\" data-id=\"689e32b\" data-element_type=\"column\" data-e-type=\"column\">\n\t\t\t<div class=\"elementor-widget-wrap elementor-element-populated\">\n\t\t\t\t\t\t<div class=\"elementor-element elementor-element-e302fef elementor-widget elementor-widget-image\" data-id=\"e302fef\" data-element_type=\"widget\" data-e-type=\"widget\" data-widget_type=\"image.default\">\n\t\t\t\t<div class=\"elementor-widget-container\">\n\t\t\t\t\t\t\t\t\t\t\t\t\t\t\t<img decoding=\"async\" width=\"48\" height=\"48\" data-src=\"https:\/\/b2b.ilumen.solar\/wp-content\/uploads\/2023\/05\/payback-black.svg\" class=\"attachment-full size-full wp-image-2934 lazyload\" alt=\"Payback Black\" src=\"data:image\/svg+xml;base64,PHN2ZyB3aWR0aD0iMSIgaGVpZ2h0PSIxIiB4bWxucz0iaHR0cDovL3d3dy53My5vcmcvMjAwMC9zdmciPjwvc3ZnPg==\" style=\"--smush-placeholder-width: 48px; --smush-placeholder-aspect-ratio: 48\/48;\" \/>\t\t\t\t\t\t\t\t\t\t\t\t\t\t\t<\/div>\n\t\t\t\t<\/div>\n\t\t\t\t<div class=\"elementor-element elementor-element-772e255 elementor-widget elementor-widget-icon-box\" data-id=\"772e255\" data-element_type=\"widget\" data-e-type=\"widget\" data-widget_type=\"icon-box.default\">\n\t\t\t\t<div class=\"elementor-widget-container\">\n\t\t\t\t\t\t\t<div class=\"elementor-icon-box-wrapper\">\n\n\t\t\t\n\t\t\t\t\t\t<div class=\"elementor-icon-box-content\">\n\n\t\t\t\t\t\t\t\t\t<h3 class=\"elementor-icon-box-title\">\n\t\t\t\t\t\t<span  >\n\t\t\t\t\t\t\tOptions de paiement flexibles\t\t\t\t\t\t<\/span>\n\t\t\t\t\t<\/h3>\n\t\t\t\t\n\t\t\t\t\t\t\t\t\t<p class=\"elementor-icon-box-description\">\n\t\t\t\t\t\tAcceptez les paiements aux bornes via badges de recharge, applications de paiement et cartes bancaires. Rendez vos bornes accessibles au public et g\u00e9n\u00e9rez des revenus suppl\u00e9mentaires.\t\t\t\t\t<\/p>\n\t\t\t\t\n\t\t\t<\/div>\n\t\t\t\n\t\t<\/div>\n\t\t\t\t\t\t<\/div>\n\t\t\t\t<\/div>\n\t\t\t\t\t<\/div>\n\t\t<\/div>\n\t\t\t\t<div class=\"elementor-column elementor-col-25 elementor-top-column elementor-element elementor-element-a8fca86\" data-id=\"a8fca86\" data-element_type=\"column\" data-e-type=\"column\">\n\t\t\t<div class=\"elementor-widget-wrap elementor-element-populated\">\n\t\t\t\t\t\t<div class=\"elementor-element elementor-element-ade62bd elementor-widget elementor-widget-image\" data-id=\"ade62bd\" data-element_type=\"widget\" data-e-type=\"widget\" data-widget_type=\"image.default\">\n\t\t\t\t<div class=\"elementor-widget-container\">\n\t\t\t\t\t\t\t\t\t\t\t\t\t\t\t<img decoding=\"async\" width=\"48\" height=\"48\" data-src=\"https:\/\/b2b.ilumen.solar\/wp-content\/uploads\/2023\/05\/Avoid-PV-black.svg\" class=\"attachment-full size-full wp-image-2917 lazyload\" alt=\"Avoid Pv Black\" src=\"data:image\/svg+xml;base64,PHN2ZyB3aWR0aD0iMSIgaGVpZ2h0PSIxIiB4bWxucz0iaHR0cDovL3d3dy53My5vcmcvMjAwMC9zdmciPjwvc3ZnPg==\" style=\"--smush-placeholder-width: 48px; --smush-placeholder-aspect-ratio: 48\/48;\" \/>\t\t\t\t\t\t\t\t\t\t\t\t\t\t\t<\/div>\n\t\t\t\t<\/div>\n\t\t\t\t<div class=\"elementor-element elementor-element-653dc67 elementor-widget elementor-widget-icon-box\" data-id=\"653dc67\" data-element_type=\"widget\" data-e-type=\"widget\" data-widget_type=\"icon-box.default\">\n\t\t\t\t<div class=\"elementor-widget-container\">\n\t\t\t\t\t\t\t<div class=\"elementor-icon-box-wrapper\">\n\n\t\t\t\n\t\t\t\t\t\t<div class=\"elementor-icon-box-content\">\n\n\t\t\t\t\t\t\t\t\t<h3 class=\"elementor-icon-box-title\">\n\t\t\t\t\t\t<span  >\n\t\t\t\t\t\t\tSplit billing\t\t\t\t\t\t<\/span>\n\t\t\t\t\t<\/h3>\n\t\t\t\t\n\t\t\t\t\t\t\t\t\t<p class=\"elementor-icon-box-description\">\n\t\t\t\t\t\tRemboursez facilement vos employ\u00e9s pour la recharge \u00e0 domicile.\t\t\t\t\t<\/p>\n\t\t\t\t\n\t\t\t<\/div>\n\t\t\t\n\t\t<\/div>\n\t\t\t\t\t\t<\/div>\n\t\t\t\t<\/div>\n\t\t\t\t\t<\/div>\n\t\t<\/div>\n\t\t\t\t<div class=\"elementor-column elementor-col-25 elementor-top-column elementor-element elementor-element-ff9d804\" data-id=\"ff9d804\" data-element_type=\"column\" data-e-type=\"column\">\n\t\t\t<div class=\"elementor-widget-wrap elementor-element-populated\">\n\t\t\t\t\t\t<div class=\"elementor-element elementor-element-b332563 elementor-widget elementor-widget-image\" data-id=\"b332563\" data-element_type=\"widget\" data-e-type=\"widget\" data-widget_type=\"image.default\">\n\t\t\t\t<div class=\"elementor-widget-container\">\n\t\t\t\t\t\t\t\t\t\t\t\t\t\t\t<img decoding=\"async\" width=\"48\" height=\"48\" data-src=\"https:\/\/b2b.ilumen.solar\/wp-content\/uploads\/2023\/05\/Smart-charge-black.svg\" class=\"attachment-full size-full wp-image-2936 lazyload\" alt=\"Smart Charge Black\" src=\"data:image\/svg+xml;base64,PHN2ZyB3aWR0aD0iMSIgaGVpZ2h0PSIxIiB4bWxucz0iaHR0cDovL3d3dy53My5vcmcvMjAwMC9zdmciPjwvc3ZnPg==\" style=\"--smush-placeholder-width: 48px; --smush-placeholder-aspect-ratio: 48\/48;\" \/>\t\t\t\t\t\t\t\t\t\t\t\t\t\t\t<\/div>\n\t\t\t\t<\/div>\n\t\t\t\t<div class=\"elementor-element elementor-element-606fc75 elementor-widget elementor-widget-icon-box\" data-id=\"606fc75\" data-element_type=\"widget\" data-e-type=\"widget\" data-widget_type=\"icon-box.default\">\n\t\t\t\t<div class=\"elementor-widget-container\">\n\t\t\t\t\t\t\t<div class=\"elementor-icon-box-wrapper\">\n\n\t\t\t\n\t\t\t\t\t\t<div class=\"elementor-icon-box-content\">\n\n\t\t\t\t\t\t\t\t\t<h3 class=\"elementor-icon-box-title\">\n\t\t\t\t\t\t<span  >\n\t\t\t\t\t\t\tRecharge intelligente\t\t\t\t\t\t<\/span>\n\t\t\t\t\t<\/h3>\n\t\t\t\t\n\t\t\t\t\t\t\t\t\t<p class=\"elementor-icon-box-description\">\n\t\t\t\t\t\tRecharge efficace gr\u00e2ce au pilotage intelligent d\u2019ILUSMART. Optimisation des co\u00fbts par recharge aux moments avantageux.\t\t\t\t\t<\/p>\n\t\t\t\t\n\t\t\t<\/div>\n\t\t\t\n\t\t<\/div>\n\t\t\t\t\t\t<\/div>\n\t\t\t\t<\/div>\n\t\t\t\t\t<\/div>\n\t\t<\/div>\n\t\t\t\t<div class=\"elementor-column elementor-col-25 elementor-top-column elementor-element elementor-element-6933ade\" data-id=\"6933ade\" data-element_type=\"column\" data-e-type=\"column\">\n\t\t\t<div class=\"elementor-widget-wrap elementor-element-populated\">\n\t\t\t\t\t\t<div class=\"elementor-element elementor-element-4a9910e elementor-widget elementor-widget-image\" data-id=\"4a9910e\" data-element_type=\"widget\" data-e-type=\"widget\" data-widget_type=\"image.default\">\n\t\t\t\t<div class=\"elementor-widget-container\">\n\t\t\t\t\t\t\t\t\t\t\t\t\t\t\t<img decoding=\"async\" width=\"48\" height=\"48\" data-src=\"https:\/\/b2b.ilumen.solar\/wp-content\/uploads\/2023\/05\/deep-insights-black.svg\" class=\"attachment-full size-full wp-image-2923 lazyload\" alt=\"Deep Insights Black\" src=\"data:image\/svg+xml;base64,PHN2ZyB3aWR0aD0iMSIgaGVpZ2h0PSIxIiB4bWxucz0iaHR0cDovL3d3dy53My5vcmcvMjAwMC9zdmciPjwvc3ZnPg==\" style=\"--smush-placeholder-width: 48px; --smush-placeholder-aspect-ratio: 48\/48;\" \/>\t\t\t\t\t\t\t\t\t\t\t\t\t\t\t<\/div>\n\t\t\t\t<\/div>\n\t\t\t\t<div class=\"elementor-element elementor-element-3434d59 elementor-widget elementor-widget-icon-box\" data-id=\"3434d59\" data-element_type=\"widget\" data-e-type=\"widget\" data-widget_type=\"icon-box.default\">\n\t\t\t\t<div class=\"elementor-widget-container\">\n\t\t\t\t\t\t\t<div class=\"elementor-icon-box-wrapper\">\n\n\t\t\t\n\t\t\t\t\t\t<div class=\"elementor-icon-box-content\">\n\n\t\t\t\t\t\t\t\t\t<h3 class=\"elementor-icon-box-title\">\n\t\t\t\t\t\t<span  >\n\t\t\t\t\t\t\tSuivi \u00e0 distance\t\t\t\t\t\t<\/span>\n\t\t\t\t\t<\/h3>\n\t\t\t\t\n\t\t\t\t\t\t\t\t\t<p class=\"elementor-icon-box-description\">\n\t\t\t\t\t\tContr\u00f4lez le processus de recharge en temps r\u00e9el et acc\u00e9dez \u00e0 l\u2019historique via l\u2019application iLusmart. Gestion de flotte et facturation incluses.\t\t\t\t\t<\/p>\n\t\t\t\t\n\t\t\t<\/div>\n\t\t\t\n\t\t<\/div>\n\t\t\t\t\t\t<\/div>\n\t\t\t\t<\/div>\n\t\t\t\t\t<\/div>\n\t\t<\/div>\n\t\t\t\t\t<\/div>\n\t\t<\/section>\n\t\t<div class=\"elementor-element elementor-element-0ee49d7 e-flex e-con-boxed e-con e-parent\" data-id=\"0ee49d7\" data-element_type=\"container\" data-e-type=\"container\">\n\t\t\t\t\t<div class=\"e-con-inner\">\n\t\t\t\t<div class=\"elementor-element elementor-element-650b6f3 elementor-widget elementor-widget-heading\" data-id=\"650b6f3\" data-element_type=\"widget\" data-e-type=\"widget\" data-widget_type=\"heading.default\">\n\t\t\t\t<div class=\"elementor-widget-container\">\n\t\t\t\t\t<h2 class=\"elementor-heading-title elementor-size-default\">Services de recharge<\/h2>\t\t\t\t<\/div>\n\t\t\t\t<\/div>\n\t\t\t\t\t<\/div>\n\t\t\t\t<\/div>\n\t\t<div class=\"elementor-element elementor-element-71e05ae e-flex e-con-boxed e-con e-parent\" data-id=\"71e05ae\" data-element_type=\"container\" data-e-type=\"container\">\n\t\t\t\t\t<div class=\"e-con-inner\">\n\t\t\t\t<div class=\"elementor-element elementor-element-7200051 elementor-widget__width-initial elementor-widget elementor-widget-image-box\" data-id=\"7200051\" data-element_type=\"widget\" data-e-type=\"widget\" data-widget_type=\"image-box.default\">\n\t\t\t\t<div class=\"elementor-widget-container\">\n\t\t\t\t\t<div class=\"elementor-image-box-wrapper\"><div class=\"elementor-image-box-content\"><h3 class=\"elementor-image-box-title\">Solutions de paiement<\/h3><p class=\"elementor-image-box-description\"><p>Depuis avril 2024, l\u2019Europe impose les paiements ad hoc comme alternative aux badges de recharge. Cela signifie que vous devez pouvoir recharger votre v\u00e9hicule \u00e9lectrique et payer via des moyens courants tels que les cartes de d\u00e9bit ou de cr\u00e9dit ou via une application de paiement.<\/p>\n<p>Avec les solutions de paiement d\u2019iLumen, vous \u00eates bien \u00e9quip\u00e9 : nous pensons toujours en avance, avec le regard tourn\u00e9 vers l\u2019innovation et l\u2019avenir. Les visiteurs peuvent payer de mani\u00e8re s\u00e9curis\u00e9e et rapide via :<\/p>\n<ul>\n<li>Badges de recharge : les utilisateurs rechargent sans difficult\u00e9 via les principaux badges de recharge en vigueur dans l\u2019UE.<\/li>\n<li>E-commerce : nous avons d\u00e9velopp\u00e9 une solution permettant aux utilisateurs de payer via application de paiement ou bancaire.<\/li>\n<li>Terminal de paiement : payez votre recharge comme un plein classique, via badge, carte de d\u00e9bit ou carte de cr\u00e9dit.<\/li>\n<\/ul><\/p>\n<p>Rendez vos bornes accessibles au public et g\u00e9n\u00e9rez des revenus suppl\u00e9mentaires.<\/p><\/p><\/div><\/div>\t\t\t\t<\/div>\n\t\t\t\t<\/div>\n\t\t\t\t<div class=\"elementor-element elementor-element-09f2dbb elementor-widget__width-initial elementor-widget elementor-widget-image-box\" data-id=\"09f2dbb\" data-element_type=\"widget\" data-e-type=\"widget\" data-widget_type=\"image-box.default\">\n\t\t\t\t<div class=\"elementor-widget-container\">\n\t\t\t\t\t<div class=\"elementor-image-box-wrapper\"><div class=\"elementor-image-box-content\"><h3 class=\"elementor-image-box-title\">Split billing<\/h3><p class=\"elementor-image-box-description\"><p>Gr\u00e2ce \u00e0 ce service, vos employ\u00e9s peuvent recharger \u00e0 domicile via l\u2019application iLusmart et \u00eatre facilement rembours\u00e9s pour les frais de recharge li\u00e9s au travail :<\/p>\n<ul>\n<li>Remboursement pr\u00e9cis de la consommation de recharge professionnelle<\/li>\n<li>Co\u00fbts de recharge r\u00e9duits<\/li>\n<li>Vue d\u00e9taill\u00e9e des sessions de recharge dans l\u2019application iLusmart<\/li>\n<\/ul><\/p><\/div><\/div>\t\t\t\t<\/div>\n\t\t\t\t<\/div>\n\t\t\t\t<div class=\"elementor-element elementor-element-d31ee57 elementor-widget__width-initial elementor-widget elementor-widget-image-box\" data-id=\"d31ee57\" data-element_type=\"widget\" data-e-type=\"widget\" data-widget_type=\"image-box.default\">\n\t\t\t\t<div class=\"elementor-widget-container\">\n\t\t\t\t\t<div class=\"elementor-image-box-wrapper\"><div class=\"elementor-image-box-content\"><h3 class=\"elementor-image-box-title\">Recharge intelligente<\/h3><p class=\"elementor-image-box-description\">ILUSMART pilote les bornes de recharge pour charger les v\u00e9hicules aussi efficacement que possible, en tenant compte de la production de vos panneaux solaires, votre consommation de pointe (peakshaving), la capacit\u00e9 de votre installation (load balancing), les prix de l\u2019\u00e9lectricit\u00e9 (dynamic charging)<\/p><\/div><\/div>\t\t\t\t<\/div>\n\t\t\t\t<\/div>\n\t\t\t\t<div class=\"elementor-element elementor-element-571e42b elementor-widget__width-initial elementor-widget elementor-widget-image-box\" data-id=\"571e42b\" data-element_type=\"widget\" data-e-type=\"widget\" data-widget_type=\"image-box.default\">\n\t\t\t\t<div class=\"elementor-widget-container\">\n\t\t\t\t\t<div class=\"elementor-image-box-wrapper\"><div class=\"elementor-image-box-content\"><h3 class=\"elementor-image-box-title\">Suivi \u00e0 distance<\/h3><p class=\"elementor-image-box-description\"><p>Via l\u2019application iLusmart, vous g\u00e9rez vos bornes en tant que propri\u00e9taire :<\/p>\n<ul>\n<li>modifier les param\u00e8tres des bornes<\/li>\n<li>ajouter \u00e9ventuellement des utilisateurs (ex. employ\u00e9s)<\/li>\n<li>suivre les diff\u00e9rentes sessions de recharge en temps r\u00e9el<\/li>\n<li>consulter l\u2019historique des bornes et des utilisateurs, et l\u2019exporter pour la facturation<\/li>\n<\/ul>\n<\/p>\n<p>Une fois vos utilisateurs ajout\u00e9s, ils peuvent facilement d\u00e9marrer, arr\u00eater et suivre la recharge de leur v\u00e9hicule \u00e9lectrique via l\u2019application iLusmart, sans badge physique.<\/p><\/p><\/div><\/div>\t\t\t\t<\/div>\n\t\t\t\t<\/div>\n\t\t\t\t\t<\/div>\n\t\t\t\t<\/div>\n\t\t\t\t<\/div>","protected":false},"excerpt":{"rendered":"<p>Zorgeloos laden en extra inkomsten genereren met iLumen&#8217;s CPO oplossing Bij iLumen zijn we gespecialiseerd in het ontwikkelen van betrouwbare en gebruiksvriendelijke EV-laadsystemen die elektrisch rijden nog toegankelijker maken. Via onze CPO-diensten garanderen we jouw onderneming bovendien een soepel en effici\u00ebnt laadbeheer, zonder gedoe. Flexibele betaalopties Betalingen aanvaarden aan de laadpunten met laadpassen, betaal\u2011 en [&hellip;]<\/p>\n","protected":false},"author":22,"featured_media":0,"parent":0,"menu_order":0,"comment_status":"closed","ping_status":"closed","template":"","meta":{"_seopress_robots_primary_cat":"","_seopress_titles_title":"CPO Laaddiensten | Laadbeheer & betaaloplossingen | iLumen","_seopress_titles_desc":"Beheer je laadpunten zorgeloos met iLumen CPO. Flexibele betaalopties, split billing voor thuisladen en slim laden via ILUSMART \u2014 voor bezoekers \u00e9n medewerkers.","_seopress_robots_index":"","footnotes":""},"class_list":["post-13671","page","type-page","status-publish","hentry"],"_links":{"self":[{"href":"https:\/\/b2b.ilumen.solar\/fr\/wp-json\/wp\/v2\/pages\/13671","targetHints":{"allow":["GET"]}}],"collection":[{"href":"https:\/\/b2b.ilumen.solar\/fr\/wp-json\/wp\/v2\/pages"}],"about":[{"href":"https:\/\/b2b.ilumen.solar\/fr\/wp-json\/wp\/v2\/types\/page"}],"author":[{"embeddable":true,"href":"https:\/\/b2b.ilumen.solar\/fr\/wp-json\/wp\/v2\/users\/22"}],"replies":[{"embeddable":true,"href":"https:\/\/b2b.ilumen.solar\/fr\/wp-json\/wp\/v2\/comments?post=13671"}],"version-history":[{"count":23,"href":"https:\/\/b2b.ilumen.solar\/fr\/wp-json\/wp\/v2\/pages\/13671\/revisions"}],"predecessor-version":[{"id":15079,"href":"https:\/\/b2b.ilumen.solar\/fr\/wp-json\/wp\/v2\/pages\/13671\/revisions\/15079"}],"wp:attachment":[{"href":"https:\/\/b2b.ilumen.solar\/fr\/wp-json\/wp\/v2\/media?parent=13671"}],"curies":[{"name":"wp","href":"https:\/\/api.w.org\/{rel}","templated":true}]}}